{"id":1060,"date":"2024-08-16T11:26:02","date_gmt":"2024-08-16T09:26:02","guid":{"rendered":"https:\/\/taoyingyang.fr\/?page_id=1060"},"modified":"2024-08-17T15:44:42","modified_gmt":"2024-08-17T13:44:42","slug":"le-feng-shui-pour-les-entreprises","status":"publish","type":"page","link":"https:\/\/taoyingyang.fr\/index.php\/le-feng-shui-pour-les-entreprises\/","title":{"rendered":"Le Feng Shui pour les entreprises"},"content":{"rendered":"<div class=\"wpb-content-wrapper\">[vc_row css=\u00a0\u00bb.vc_custom_1723479315817{margin-left: 200px !important;}\u00a0\u00bb][vc_column][vc_empty_space][vc_custom_heading text=\u00a0\u00bbLe Feng Shui pour les entreprises\u00a0\u00bb font_container=\u00a0\u00bbtag:h2|text_align:center\u00a0\u00bb google_fonts=\u00a0\u00bbfont_family:Junge%3Aregular|font_style:400%20regular%3A400%3Anormal\u00a0\u00bb css=\u00a0\u00bb.vc_custom_1723806497065{margin-left: 0px !important;}\u00a0\u00bb][vc_media_grid element_width=\u00a0\u00bb3&Prime; css=\u00a0\u00bb\u00a0\u00bb initial_loading_animation=\u00a0\u00bbnone\u00a0\u00bb grid_id=\u00a0\u00bbvc_gid:1723902224464-51359ded-0276-7&Prime; include=\u00a0\u00bb1066,842,1062,1064&Prime;][\/vc_column][\/vc_row][vc_row][vc_column][vc_custom_heading text=\u00a0\u00bbTerrain &#8211; Locaux d&rsquo;entreprise &#8211; Am\u00e9nagements de bureaux Relationnel interne et externe\u00a0\u00bb font_container=\u00a0\u00bbtag:h5|text_align:center|color:%23dd8e18&Prime; google_fonts=\u00a0\u00bbfont_family:Junge%3Aregular|font_style:400%20regular%3A400%3Anormal\u00a0\u00bb css=\u00a0\u00bb.vc_custom_1723806678715{margin-left: 200px !important;}\u00a0\u00bb][\/vc_column][\/vc_row][vc_row][vc_column][vc_empty_space][\/vc_column][\/vc_row][vc_row full_width=\u00a0\u00bbstretch_row_content\u00a0\u00bb css=\u00a0\u00bb.vc_custom_1723902215128{background-color: #a1e7fc !important;}\u00a0\u00bb][vc_column][vc_column_text css=\u00a0\u00bb\u00a0\u00bb]\n<h3 style=\"text-align: center;\">Les objectifs du Feng Shui en entreprise<\/h3>\n<p style=\"text-align: center;\">La mise en place du Feng Shui dans un local professionnel quel qu&rsquo;il soit, prend en compte l&rsquo;environnement ext\u00e9rieur et int\u00e9rieur, et la circulation des \u00e9nergies afin de placer le plus favorablement les postes de travail, de cr\u00e9er des espaces clients accueillants, et de d\u00e9velopper des strat\u00e9gies gagnantes.<\/p>\n[\/vc_column_text][\/vc_column][\/vc_row][vc_row full_width=\u00a0\u00bbstretch_row_content\u00a0\u00bb css=\u00a0\u00bb.vc_custom_1723902045007{margin-left: 0px !important;background-color: #a1e7fc !important;}\u00a0\u00bb][vc_column width=\u00a0\u00bb1\/2&Prime; css=\u00a0\u00bb.vc_custom_1723808471172{margin-left: 200px !important;}\u00a0\u00bb][vc_column_text css=\u00a0\u00bb\u00a0\u00bb]De plus, le Feng Shui dans votre entreprise permettra :<\/p>\n<ul>\n<li>D&rsquo;ancrer votre position de chef d&rsquo;entreprise<\/li>\n<li>De d\u00e9velopper la strat\u00e9gie financi\u00e8re, commerciale,\u2026 de l&rsquo;entreprise<\/li>\n<li>De provoquer les opportunit\u00e9s<\/li>\n<\/ul>\n<p>Afin de p\u00e9renniser l&rsquo;activit\u00e9 de l&rsquo;entreprise et de g\u00e9n\u00e9rer une meilleure rentabilit\u00e9.<\/p>\n[\/vc_column_text][\/vc_column][vc_column width=\u00a0\u00bb1\/2&Prime;][vc_column_text css=\u00a0\u00bb.vc_custom_1723808701158{margin-left: 150px !important;}\u00a0\u00bb]\n<ul>\n<li>De faciliter les projets<\/li>\n<li>D&rsquo;am\u00e9liorer le relationnel interne et externe<\/li>\n<li>De dynamiser les collaborateurs<\/li>\n<li>De cr\u00e9er un lieu de travail harmonieux et serein<\/li>\n<\/ul>\n[\/vc_column_text][\/vc_column][\/vc_row][vc_row full_width=\u00a0\u00bbstretch_row_content\u00a0\u00bb content_placement=\u00a0\u00bbmiddle\u00a0\u00bb css=\u00a0\u00bb.vc_custom_1723555260583{margin-left: 200px !important;}\u00a0\u00bb][vc_column width=\u00a0\u00bb1\/4&Prime; css=\u00a0\u00bb.vc_custom_1723555419175{background-color: #eefaff !important;}\u00a0\u00bb][vc_empty_space height=\u00a0\u00bb21px\u00a0\u00bb][vc_column_text css=\u00a0\u00bb\u00a0\u00bb]Acheter une entreprise, un commerce, des bureaux, ou tout autre local professionnel est une d\u00e9cision \u00e0 prendre en conscience en consid\u00e9rant tous les besoins et exigences de l&rsquo;activit\u00e9 future.<\/p>\n<p>Afin de mettre toutes les chances de son c\u00f4t\u00e9, il est int\u00e9ressant d&rsquo;\u00e9tudier le Feng Shui du lieu avant m\u00eame l&rsquo;achat.<\/p>\n<p>Une analyse de l&rsquo;int\u00e9rieur et de l&rsquo;ext\u00e9rieur sur plan, photos, et sur place est alors r\u00e9alis\u00e9e.[\/vc_column_text][\/vc_column][vc_column width=\u00a0\u00bb1\/4&Prime;][vc_single_image image=\u00a0\u00bb695&Prime; img_size=\u00a0\u00bblarge\u00a0\u00bb style=\u00a0\u00bbvc_box_outline\u00a0\u00bb border_color=\u00a0\u00bbsky\u00a0\u00bb css=\u00a0\u00bb\u00a0\u00bb title=\u00a0\u00bbAcheter ou vendre un bien\u00a0\u00bb][\/vc_column][vc_column width=\u00a0\u00bb1\/4&Prime;][vc_empty_space height=\u00a0\u00bb21px\u00a0\u00bb][vc_single_image image=\u00a0\u00bb621&Prime; img_size=\u00a0\u00bbfull\u00a0\u00bb style=\u00a0\u00bbvc_box_outline\u00a0\u00bb border_color=\u00a0\u00bbsky\u00a0\u00bb css=\u00a0\u00bb\u00a0\u00bb title=\u00a0\u00bbConstruire ou r\u00e9nover\u00a0\u00bb][vc_empty_space height=\u00a0\u00bb21px\u00a0\u00bb][\/vc_column][vc_column width=\u00a0\u00bb1\/4&Prime; css=\u00a0\u00bb.vc_custom_1723557985852{background-color: #f9fc46 !important;}\u00a0\u00bb][vc_empty_space height=\u00a0\u00bb21px\u00a0\u00bb][vc_column_text css=\u00a0\u00bb\u00a0\u00bb]Vous souhaitez construire un local pour votre activit\u00e9 professionnelle ou bien en r\u00e9nover un d\u00e9j\u00e0 existant.<\/p>\n<p>A partir de plans existants ou lors de leur conception, il est possible de cr\u00e9er un environnement dynamique pour l&rsquo;activit\u00e9 gr\u00e2ce au Feng Shui. Ainsi, vous aurez toutes les cartes en main pour la faire \u00e9voluer.[\/vc_column_text][\/vc_column][\/vc_row][vc_row][vc_column][vc_empty_space][\/vc_column][\/vc_row][vc_row full_width=\u00a0\u00bbstretch_row_content\u00a0\u00bb css=\u00a0\u00bb.vc_custom_1723655717306{margin-left: 200px !important;}\u00a0\u00bb][vc_column width=\u00a0\u00bb1\/4&Prime;][\/vc_column][vc_column width=\u00a0\u00bb1\/4&Prime; css=\u00a0\u00bb.vc_custom_1723560260399{background-color: #ffc272 !important;}\u00a0\u00bb][vc_column_text css=\u00a0\u00bb\u00a0\u00bb]Aujourd&rsquo;hui, travailler dans un environnement agr\u00e9able et serein au bureau comme en t\u00e9l\u00e9travail est devenu tr\u00e8s important pour la sant\u00e9 de l&rsquo;entreprise et de l&#8217;employ\u00e9.<\/p>\n<p>De plus en plus d&rsquo;entreprises, petites et grandes, font appel au Feng Shui. Un cadre de travail agr\u00e9able entraine moins d&rsquo;absent\u00e9isme, une meilleure communication entre les collaborateurs, et, une rentabilit\u00e9 accrue.<\/p>\n<p>Etudier l&#8217;emplacement des bureaux des employ\u00e9s, et notamment, celui du Chef d&rsquo;entreprise est essentiel pour une bonne marche et un futur positif de l&rsquo;entreprise.<\/p>\n<p>Le Feng Shui, en lien avec les cinq \u00e9l\u00e9ments, oriente dans le choix des mat\u00e9riaux, des formes et des couleurs pour une d\u00e9coration int\u00e9rieure et ext\u00e9rieure en ad\u00e9quation avec l&rsquo;activit\u00e9.[\/vc_column_text][\/vc_column][vc_column width=\u00a0\u00bb1\/4&Prime;][vc_single_image image=\u00a0\u00bb1069&Prime; img_size=\u00a0\u00bbfull\u00a0\u00bb style=\u00a0\u00bbvc_box_outline\u00a0\u00bb border_color=\u00a0\u00bbsky\u00a0\u00bb css=\u00a0\u00bb\u00a0\u00bb title=\u00a0\u00bbAm\u00e9nager et d\u00e9corer\u00a0\u00bb][\/vc_column][vc_column width=\u00a0\u00bb1\/4&Prime;][\/vc_column][\/vc_row][vc_row][vc_column][vc_empty_space][\/vc_column][\/vc_row][vc_row][vc_column css=\u00a0\u00bb.vc_custom_1723805092406{margin-left: 150px !important;background-image: url(https:\/\/taoyingyang.fr\/wp-content\/uploads\/2024\/08\/bonzai.jpg?id=647) !important;}\u00a0\u00bb][vc_custom_heading text=\u00a0\u00bbDemandez votre analyse Feng Shui<br \/>\nContactez-moi\u00a0\u00bb font_container=\u00a0\u00bbtag:h4|text_align:center|color:%23ffffff\u00a0\u00bb google_fonts=\u00a0\u00bbfont_family:Junge%3Aregular|font_style:400%20regular%3A400%3Anormal\u00a0\u00bb css=\u00a0\u00bb\u00a0\u00bb link=\u00a0\u00bburl:https%3A%2F%2Ftaoyingyang.fr%2Findex.php%2Fcontacts%2F|title:Me%20contacter\u00a0\u00bb][\/vc_column][\/vc_row][vc_row full_width=\u00a0\u00bbstretch_row_content\u00a0\u00bb][vc_column css=\u00a0\u00bb.vc_custom_1723655755860{background-color: #ffffff !important;}\u00a0\u00bb][vc_tta_tabs title_tag=\u00a0\u00bbh3&Prime; style=\u00a0\u00bboutline\u00a0\u00bb color=\u00a0\u00bbchino\u00a0\u00bb active_section=\u00a0\u00bb1&Prime; title=\u00a0\u00bbLes diff\u00e9rentes \u00e9tapes d&rsquo;une analyse Feng Shui pour les particuliers\u00a0\u00bb][vc_tta_section title=\u00a0\u00bbUn premier contact\u00a0\u00bb tab_id=\u00a0\u00bb1723654965942-bb00044b-d32a\u00a0\u00bb][vc_column_text css=\u00a0\u00bb\u00a0\u00bb]\n<h3><em>1\u00e8re \u00e9tape<\/em><\/h3>\n<p>Pour toute \u00e9tude, j&rsquo;\u00e9tablis un devis en fonction de la surface du local professionnel, apr\u00e8s un premier contact t\u00e9l\u00e9phonique ou Visio.<\/p>\n<p>Apr\u00e8s validation, vous devez me fournir plusieurs \u00e9l\u00e9ments pour poser les choses :<\/p>\n<ul>\n<li>L&rsquo;adresse exacte des locaux<\/li>\n<li>Un plan d\u00e9taill\u00e9 de tous les niveaux et les diff\u00e9rentes zones de travail<\/li>\n<li>La date d&rsquo;am\u00e9nagement et de construction lorsqu&rsquo;elle est connue<\/li>\n<li>La date des gros travaux et\/ou des extensions<\/li>\n<li>Les diff\u00e9rentes probl\u00e9matiques s&rsquo;il y a lieu<\/li>\n<li>Les objectifs de cette \u00e9tude Feng Shui<\/li>\n<\/ul>\n[\/vc_column_text][\/vc_tta_section][vc_tta_section title=\u00a0\u00bbL&rsquo;analyse\u00a0\u00bb tab_id=\u00a0\u00bb1723654965973-91e25517-9b20&Prime;][vc_column_text css=\u00a0\u00bb\u00a0\u00bb]\n<h3><em>2\u00e8me \u00e9tape<\/em><\/h3>\n<p>Je proc\u00e8de \u00e0 l&rsquo;analyse de l&rsquo;ext\u00e9rieur et de l&rsquo;int\u00e9rieur du local professionnel selon les 3 \u00e9coles en Feng Shui Traditionnel (San He, Ba Zhai, San Yuan) en d\u00e9tail, en emplacement et en direction pour les occupants et l&rsquo;am\u00e9nagement dans et autour du lieu.<\/p>\n<p>L&rsquo;am\u00e9nagement et le placement du mobilier (surtout le bureau) seront analys\u00e9s, plac\u00e9s et dirig\u00e9s afin d&rsquo;optimiser les potentiels et la dynamique pour chaque poste de travail.<\/p>\n<p>Un rapport \u00e9crit est remis avec les recommandations (ou rem\u00e8des Feng Shui) selon les situations ou probl\u00e8mes rencontr\u00e9s, lors d&rsquo;un second entretien.<\/p>\n<p>Je vous explique en d\u00e9tail l&rsquo;analyse en fonction des objectifs \u00e0 atteindre.[\/vc_column_text][\/vc_tta_section][vc_tta_section title=\u00a0\u00bbLe suivi\u00a0\u00bb tab_id=\u00a0\u00bb1723655161881-c1ac47a0-1873&Prime;][vc_column_text css=\u00a0\u00bb\u00a0\u00bb]\n<h3><em>3\u00e8me \u00e9tape<\/em><\/h3>\n<p>Il faut laisser le temps au temps !<\/p>\n<p>Suite \u00e0 la mise en place des recommandations not\u00e9es dans mon rapport, une p\u00e9riode de 6 mois est parfois n\u00e9cessaire pour voir les changements concrets, m\u00eame si certains apparaissent rapidement. Je vous accompagne durant cette p\u00e9riode.<\/p>\n<p>Toutes ces \u00e9tapes sont comprises dans l&rsquo;\u00e9tude globale.[\/vc_column_text][\/vc_tta_section][\/vc_tta_tabs][\/vc_column][\/vc_row]\n<\/div>","protected":false},"excerpt":{"rendered":"<p>[vc_row css=\u00a0\u00bb.vc_custom_1723479315817{margin-left: 200px !important;}\u00a0\u00bb][vc_column][vc_empty_space][vc_custom_heading text=\u00a0\u00bbLe Feng Shui pour les entreprises\u00a0\u00bb font_container=\u00a0\u00bbtag:h2|text_align:center\u00a0\u00bb google_fonts=\u00a0\u00bbfont_family:Junge%3Aregular|font_style:400%20regular%3A400%3Anormal\u00a0\u00bb css=\u00a0\u00bb.vc_custom_1723806497065{margin-left: 0px !important;}\u00a0\u00bb][vc_media_grid element_width=\u00a0\u00bb3&Prime; css=\u00a0\u00bb\u00a0\u00bb initial_loading_animation=\u00a0\u00bbnone\u00a0\u00bb grid_id=\u00a0\u00bbvc_gid:1723902224464-51359ded-0276-7&Prime; include=\u00a0\u00bb1066,842,1062,1064&Prime;][\/vc_column][\/vc_row][vc_row][vc_column][vc_custom_heading text=\u00a0\u00bbTerrain &#8211; Locaux d&rsquo;entreprise &#8211; Am\u00e9nagements de bureaux Relationnel interne et externe\u00a0\u00bb font_container=\u00a0\u00bbtag:h5|text_align:center|color:%23dd8e18&Prime; google_fonts=\u00a0\u00bbfont_family:Junge%3Aregular|font_style:400%20regular%3A400%3Anormal\u00a0\u00bb css=\u00a0\u00bb.vc_custom_1723806678715{margin-left: 200px !important;}\u00a0\u00bb][\/vc_column][\/vc_row][vc_row][vc_column][vc_empty_space][\/vc_column][\/vc_row][vc_row full_width=\u00a0\u00bbstretch_row_content\u00a0\u00bb css=\u00a0\u00bb.vc_custom_1723902215128{background-color: #a1e7fc &hellip; <a href=\"https:\/\/taoyingyang.fr\/index.php\/le-feng-shui-pour-les-entreprises\/\">Lire la suite\u00ad\u00ad<\/a><\/p>\n","protected":false},"author":1,"featured_media":0,"parent":0,"menu_order":0,"comment_status":"closed","ping_status":"closed","template":"","meta":{"kt_blocks_editor_width":"","footnotes":""},"class_list":["post-1060","page","type-page","status-publish","hentry"],"yoast_head":"<!-- This site is optimized with the Yoast SEO plugin v27.4 - https:\/\/yoast.com\/product\/yoast-seo-wordpress\/ -->\n<title>Le Feng Shui pour les entreprises - TAOYINYANG<\/title>\n<meta name=\"description\" content=\"Le Feng Shui s&#039;adresse tant aux particuliers qu&#039;aux entreprises afin d&#039;apporter la s\u00e9r\u00e9nit\u00e9, la r\u00e9ussite et le bien-\u00eatre pour tous\" \/>\n<meta name=\"robots\" content=\"index, follow, max-snippet:-1, max-image-preview:large, max-video-preview:-1\" \/>\n<link rel=\"canonical\" href=\"https:\/\/taoyingyang.fr\/index.php\/le-feng-shui-pour-les-entreprises\/\" \/>\n<meta property=\"og:locale\" content=\"fr_FR\" \/>\n<meta property=\"og:type\" content=\"article\" \/>\n<meta property=\"og:title\" content=\"Le Feng Shui pour les entreprises - TAOYINYANG\" \/>\n<meta property=\"og:description\" content=\"Le Feng Shui s&#039;adresse tant aux particuliers qu&#039;aux entreprises afin d&#039;apporter la s\u00e9r\u00e9nit\u00e9, la r\u00e9ussite et le bien-\u00eatre pour tous\" \/>\n<meta property=\"og:url\" content=\"https:\/\/taoyingyang.fr\/index.php\/le-feng-shui-pour-les-entreprises\/\" \/>\n<meta property=\"og:site_name\" content=\"TAOYINYANG\" \/>\n<meta property=\"article:publisher\" content=\"https:\/\/www.facebook.com\/embzh\" \/>\n<meta property=\"article:modified_time\" content=\"2024-08-17T13:44:42+00:00\" \/>\n<meta name=\"twitter:card\" content=\"summary_large_image\" \/>\n<meta name=\"twitter:label1\" content=\"Dur\u00e9e de lecture estim\u00e9e\" \/>\n\t<meta name=\"twitter:data1\" content=\"6 minutes\" \/>\n<script type=\"application\/ld+json\" class=\"yoast-schema-graph\">{\"@context\":\"https:\\\/\\\/schema.org\",\"@graph\":[{\"@type\":\"WebPage\",\"@id\":\"https:\\\/\\\/taoyingyang.fr\\\/index.php\\\/le-feng-shui-pour-les-entreprises\\\/\",\"url\":\"https:\\\/\\\/taoyingyang.fr\\\/index.php\\\/le-feng-shui-pour-les-entreprises\\\/\",\"name\":\"Le Feng Shui pour les entreprises - TAOYINYANG\",\"isPartOf\":{\"@id\":\"https:\\\/\\\/taoyingyang.fr\\\/#website\"},\"datePublished\":\"2024-08-16T09:26:02+00:00\",\"dateModified\":\"2024-08-17T13:44:42+00:00\",\"description\":\"Le Feng Shui s'adresse tant aux particuliers qu'aux entreprises afin d'apporter la s\u00e9r\u00e9nit\u00e9, la r\u00e9ussite et le bien-\u00eatre pour tous\",\"breadcrumb\":{\"@id\":\"https:\\\/\\\/taoyingyang.fr\\\/index.php\\\/le-feng-shui-pour-les-entreprises\\\/#breadcrumb\"},\"inLanguage\":\"fr-FR\",\"potentialAction\":[{\"@type\":\"ReadAction\",\"target\":[\"https:\\\/\\\/taoyingyang.fr\\\/index.php\\\/le-feng-shui-pour-les-entreprises\\\/\"]}]},{\"@type\":\"BreadcrumbList\",\"@id\":\"https:\\\/\\\/taoyingyang.fr\\\/index.php\\\/le-feng-shui-pour-les-entreprises\\\/#breadcrumb\",\"itemListElement\":[{\"@type\":\"ListItem\",\"position\":1,\"name\":\"Accueil\",\"item\":\"https:\\\/\\\/taoyingyang.fr\\\/\"},{\"@type\":\"ListItem\",\"position\":2,\"name\":\"Le Feng Shui pour les entreprises\"}]},{\"@type\":\"WebSite\",\"@id\":\"https:\\\/\\\/taoyingyang.fr\\\/#website\",\"url\":\"https:\\\/\\\/taoyingyang.fr\\\/\",\"name\":\"taoyingyang.fr\",\"description\":\"Un art de vivre, le Feng Shui\",\"publisher\":{\"@id\":\"https:\\\/\\\/taoyingyang.fr\\\/#\\\/schema\\\/person\\\/ab079bb0ea4b540fc81ba1c6d5725c14\"},\"potentialAction\":[{\"@type\":\"SearchAction\",\"target\":{\"@type\":\"EntryPoint\",\"urlTemplate\":\"https:\\\/\\\/taoyingyang.fr\\\/?s={search_term_string}\"},\"query-input\":{\"@type\":\"PropertyValueSpecification\",\"valueRequired\":true,\"valueName\":\"search_term_string\"}}],\"inLanguage\":\"fr-FR\"},{\"@type\":[\"Person\",\"Organization\"],\"@id\":\"https:\\\/\\\/taoyingyang.fr\\\/#\\\/schema\\\/person\\\/ab079bb0ea4b540fc81ba1c6d5725c14\",\"name\":\"taoyingyang.fr\",\"image\":{\"@type\":\"ImageObject\",\"inLanguage\":\"fr-FR\",\"@id\":\"https:\\\/\\\/taoyingyang.fr\\\/wp-content\\\/uploads\\\/2024\\\/03\\\/logo-feng-shui-fond-blanc-1.jpg\",\"url\":\"https:\\\/\\\/taoyingyang.fr\\\/wp-content\\\/uploads\\\/2024\\\/03\\\/logo-feng-shui-fond-blanc-1.jpg\",\"contentUrl\":\"https:\\\/\\\/taoyingyang.fr\\\/wp-content\\\/uploads\\\/2024\\\/03\\\/logo-feng-shui-fond-blanc-1.jpg\",\"width\":997,\"height\":1348,\"caption\":\"taoyingyang.fr\"},\"logo\":{\"@id\":\"https:\\\/\\\/taoyingyang.fr\\\/wp-content\\\/uploads\\\/2024\\\/03\\\/logo-feng-shui-fond-blanc-1.jpg\"},\"description\":\"N\u00e9e sur les bords de la Cot\u00e9 d'Emeraude, bretonne dans l'\u00e2me, comptable de formation et form\u00e9e en tant que peintre en d\u00e9cors, j'ai souhait\u00e9e explorer des domaines plus spirituellement pour mon d\u00e9veloppement personnel ; ainsi, je suis devenue progressivement num\u00e9rologue, lithoth\u00e9rapeute, de tous ces savoir-faire, j'ai cr\u00e9\u00e9 l'ArtNum\u00e9roTh\u00e9rapie qui associe la peinture et la num\u00e9rologie ; je r\u00e9alise \u00e9galement des peintures tr\u00e8s personnalis\u00e9es pour vous. Je me suis \u00e9galement int\u00e9ress\u00e9e au Feng Shui traditionnel, discipline chinoise permettant une qualit\u00e9 de vie certaine. Je vous propose des ateliers, des consultations et des formations en num\u00e9rologie, lithoth\u00e9rapie, Artnum\u00e9roth\u00e9rapie et en Feng Shui Traditionnel. Tous ces outils d'\u00e9volution personnelle s'adressent aux particuliers comme aux entreprises.\",\"sameAs\":[\"http:\\\/\\\/taoyingyang.fr\",\"https:\\\/\\\/www.facebook.com\\\/embzh\",\"https:\\\/\\\/www.instagram.com\\\/edith.mary.50\\\/\"]}]}<\/script>\n<!-- \/ Yoast SEO plugin. -->","yoast_head_json":{"title":"Le Feng Shui pour les entreprises - TAOYINYANG","description":"Le Feng Shui s'adresse tant aux particuliers qu'aux entreprises afin d'apporter la s\u00e9r\u00e9nit\u00e9, la r\u00e9ussite et le bien-\u00eatre pour tous","robots":{"index":"index","follow":"follow","max-snippet":"max-snippet:-1","max-image-preview":"max-image-preview:large","max-video-preview":"max-video-preview:-1"},"canonical":"https:\/\/taoyingyang.fr\/index.php\/le-feng-shui-pour-les-entreprises\/","og_locale":"fr_FR","og_type":"article","og_title":"Le Feng Shui pour les entreprises - TAOYINYANG","og_description":"Le Feng Shui s'adresse tant aux particuliers qu'aux entreprises afin d'apporter la s\u00e9r\u00e9nit\u00e9, la r\u00e9ussite et le bien-\u00eatre pour tous","og_url":"https:\/\/taoyingyang.fr\/index.php\/le-feng-shui-pour-les-entreprises\/","og_site_name":"TAOYINYANG","article_publisher":"https:\/\/www.facebook.com\/embzh","article_modified_time":"2024-08-17T13:44:42+00:00","twitter_card":"summary_large_image","twitter_misc":{"Dur\u00e9e de lecture estim\u00e9e":"6 minutes"},"schema":{"@context":"https:\/\/schema.org","@graph":[{"@type":"WebPage","@id":"https:\/\/taoyingyang.fr\/index.php\/le-feng-shui-pour-les-entreprises\/","url":"https:\/\/taoyingyang.fr\/index.php\/le-feng-shui-pour-les-entreprises\/","name":"Le Feng Shui pour les entreprises - TAOYINYANG","isPartOf":{"@id":"https:\/\/taoyingyang.fr\/#website"},"datePublished":"2024-08-16T09:26:02+00:00","dateModified":"2024-08-17T13:44:42+00:00","description":"Le Feng Shui s'adresse tant aux particuliers qu'aux entreprises afin d'apporter la s\u00e9r\u00e9nit\u00e9, la r\u00e9ussite et le bien-\u00eatre pour tous","breadcrumb":{"@id":"https:\/\/taoyingyang.fr\/index.php\/le-feng-shui-pour-les-entreprises\/#breadcrumb"},"inLanguage":"fr-FR","potentialAction":[{"@type":"ReadAction","target":["https:\/\/taoyingyang.fr\/index.php\/le-feng-shui-pour-les-entreprises\/"]}]},{"@type":"BreadcrumbList","@id":"https:\/\/taoyingyang.fr\/index.php\/le-feng-shui-pour-les-entreprises\/#breadcrumb","itemListElement":[{"@type":"ListItem","position":1,"name":"Accueil","item":"https:\/\/taoyingyang.fr\/"},{"@type":"ListItem","position":2,"name":"Le Feng Shui pour les entreprises"}]},{"@type":"WebSite","@id":"https:\/\/taoyingyang.fr\/#website","url":"https:\/\/taoyingyang.fr\/","name":"taoyingyang.fr","description":"Un art de vivre, le Feng Shui","publisher":{"@id":"https:\/\/taoyingyang.fr\/#\/schema\/person\/ab079bb0ea4b540fc81ba1c6d5725c14"},"potentialAction":[{"@type":"SearchAction","target":{"@type":"EntryPoint","urlTemplate":"https:\/\/taoyingyang.fr\/?s={search_term_string}"},"query-input":{"@type":"PropertyValueSpecification","valueRequired":true,"valueName":"search_term_string"}}],"inLanguage":"fr-FR"},{"@type":["Person","Organization"],"@id":"https:\/\/taoyingyang.fr\/#\/schema\/person\/ab079bb0ea4b540fc81ba1c6d5725c14","name":"taoyingyang.fr","image":{"@type":"ImageObject","inLanguage":"fr-FR","@id":"https:\/\/taoyingyang.fr\/wp-content\/uploads\/2024\/03\/logo-feng-shui-fond-blanc-1.jpg","url":"https:\/\/taoyingyang.fr\/wp-content\/uploads\/2024\/03\/logo-feng-shui-fond-blanc-1.jpg","contentUrl":"https:\/\/taoyingyang.fr\/wp-content\/uploads\/2024\/03\/logo-feng-shui-fond-blanc-1.jpg","width":997,"height":1348,"caption":"taoyingyang.fr"},"logo":{"@id":"https:\/\/taoyingyang.fr\/wp-content\/uploads\/2024\/03\/logo-feng-shui-fond-blanc-1.jpg"},"description":"N\u00e9e sur les bords de la Cot\u00e9 d'Emeraude, bretonne dans l'\u00e2me, comptable de formation et form\u00e9e en tant que peintre en d\u00e9cors, j'ai souhait\u00e9e explorer des domaines plus spirituellement pour mon d\u00e9veloppement personnel ; ainsi, je suis devenue progressivement num\u00e9rologue, lithoth\u00e9rapeute, de tous ces savoir-faire, j'ai cr\u00e9\u00e9 l'ArtNum\u00e9roTh\u00e9rapie qui associe la peinture et la num\u00e9rologie ; je r\u00e9alise \u00e9galement des peintures tr\u00e8s personnalis\u00e9es pour vous. Je me suis \u00e9galement int\u00e9ress\u00e9e au Feng Shui traditionnel, discipline chinoise permettant une qualit\u00e9 de vie certaine. Je vous propose des ateliers, des consultations et des formations en num\u00e9rologie, lithoth\u00e9rapie, Artnum\u00e9roth\u00e9rapie et en Feng Shui Traditionnel. Tous ces outils d'\u00e9volution personnelle s'adressent aux particuliers comme aux entreprises.","sameAs":["http:\/\/taoyingyang.fr","https:\/\/www.facebook.com\/embzh","https:\/\/www.instagram.com\/edith.mary.50\/"]}]}},"jetpack_sharing_enabled":true,"_links":{"self":[{"href":"https:\/\/taoyingyang.fr\/index.php\/wp-json\/wp\/v2\/pages\/1060","targetHints":{"allow":["GET"]}}],"collection":[{"href":"https:\/\/taoyingyang.fr\/index.php\/wp-json\/wp\/v2\/pages"}],"about":[{"href":"https:\/\/taoyingyang.fr\/index.php\/wp-json\/wp\/v2\/types\/page"}],"author":[{"embeddable":true,"href":"https:\/\/taoyingyang.fr\/index.php\/wp-json\/wp\/v2\/users\/1"}],"replies":[{"embeddable":true,"href":"https:\/\/taoyingyang.fr\/index.php\/wp-json\/wp\/v2\/comments?post=1060"}],"version-history":[{"count":34,"href":"https:\/\/taoyingyang.fr\/index.php\/wp-json\/wp\/v2\/pages\/1060\/revisions"}],"predecessor-version":[{"id":1154,"href":"https:\/\/taoyingyang.fr\/index.php\/wp-json\/wp\/v2\/pages\/1060\/revisions\/1154"}],"wp:attachment":[{"href":"https:\/\/taoyingyang.fr\/index.php\/wp-json\/wp\/v2\/media?parent=1060"}],"curies":[{"name":"wp","href":"https:\/\/api.w.org\/{rel}","templated":true}]}}