{"id":1158,"date":"2024-08-17T16:11:33","date_gmt":"2024-08-17T14:11:33","guid":{"rendered":"https:\/\/taoyingyang.fr\/?page_id=1158"},"modified":"2024-08-17T16:24:29","modified_gmt":"2024-08-17T14:24:29","slug":"les-cinq-elements-wu-xing","status":"publish","type":"page","link":"https:\/\/taoyingyang.fr\/index.php\/les-cinq-elements-wu-xing\/","title":{"rendered":"Les cinq \u00e9l\u00e9ments : Wu Xing"},"content":{"rendered":"<div class=\"wpb-content-wrapper\">[vc_row full_width=\u00a0\u00bbstretch_row_content\u00a0\u00bb gap=\u00a0\u00bb10&Prime; content_placement=\u00a0\u00bbmiddle\u00a0\u00bb][vc_column width=\u00a0\u00bb1\/5&Prime;][vc_single_image image=\u00a0\u00bb1159&Prime; img_size=\u00a0\u00bbfull\u00a0\u00bb alignment=\u00a0\u00bbcenter\u00a0\u00bb style=\u00a0\u00bbvc_box_outline_circle_2&Prime; border_color=\u00a0\u00bbjuicy_pink\u00a0\u00bb css=\u00a0\u00bb\u00a0\u00bb title=\u00a0\u00bbLe Feu\u00a0\u00bb][\/vc_column][vc_column width=\u00a0\u00bb1\/5&Prime;][vc_single_image image=\u00a0\u00bb1160&Prime; img_size=\u00a0\u00bbfull\u00a0\u00bb alignment=\u00a0\u00bbcenter\u00a0\u00bb style=\u00a0\u00bbvc_box_outline_circle_2&Prime; border_color=\u00a0\u00bbsandy_brown\u00a0\u00bb css=\u00a0\u00bb\u00a0\u00bb title=\u00a0\u00bbLa Terre\u00a0\u00bb][\/vc_column][vc_column width=\u00a0\u00bb1\/5&Prime;][vc_single_image image=\u00a0\u00bb1162&Prime; img_size=\u00a0\u00bbfull\u00a0\u00bb alignment=\u00a0\u00bbcenter\u00a0\u00bb style=\u00a0\u00bbvc_box_outline_circle_2&Prime; border_color=\u00a0\u00bborange\u00a0\u00bb css=\u00a0\u00bb\u00a0\u00bb title=\u00a0\u00bbLe M\u00e9tal\u00a0\u00bb][\/vc_column][vc_column width=\u00a0\u00bb1\/5&Prime;][vc_single_image image=\u00a0\u00bb1163&Prime; img_size=\u00a0\u00bbfull\u00a0\u00bb alignment=\u00a0\u00bbcenter\u00a0\u00bb style=\u00a0\u00bbvc_box_outline_circle_2&Prime; border_color=\u00a0\u00bbsky\u00a0\u00bb css=\u00a0\u00bb\u00a0\u00bb title=\u00a0\u00bbL&rsquo;eau\u00a0\u00bb][\/vc_column][vc_column width=\u00a0\u00bb1\/5&Prime;][vc_single_image image=\u00a0\u00bb1161&Prime; img_size=\u00a0\u00bbfull\u00a0\u00bb alignment=\u00a0\u00bbcenter\u00a0\u00bb style=\u00a0\u00bbvc_box_outline_circle_2&Prime; border_color=\u00a0\u00bbgreen\u00a0\u00bb css=\u00a0\u00bb\u00a0\u00bb title=\u00a0\u00bbLe Bois\u00a0\u00bb][\/vc_column][\/vc_row][vc_row][vc_column][vc_empty_space][\/vc_column][\/vc_row][vc_row full_width=\u00a0\u00bbstretch_row_content\u00a0\u00bb css=\u00a0\u00bb.vc_custom_1723904638263{margin-left: 200px !important;}\u00a0\u00bb][vc_column width=\u00a0\u00bb1\/6&Prime;][\/vc_column][vc_column width=\u00a0\u00bb2\/3&Prime;][vc_column_text css=\u00a0\u00bb\u00a0\u00bb]Le concept des cinq \u00e9l\u00e9ments, tir\u00e9 de la th\u00e9orie du Yin-Yang, est le moteur qui provoque le changement. Le Feu, la Terre, le M\u00e9tal, l&rsquo;Eau et le Bois sont les cinq \u00e9l\u00e9ments que l&rsquo;on retrouve dans l&rsquo;ensemble de la M\u00e9taphysique Chinoise et sont cinq types de QI. Ces cinq \u00e9l\u00e9ments sont indissociables du Feng Shui, et interagissent ensemble dans les trois cycles de transformation et de changement de l&rsquo;\u00e9nergie, \u00e0 savoir :<\/p>\n<ol>\n<li><em>Le cycle de production<\/em> est une transformation positive des \u00e9nergies. Le Feu r\u00e9duit en cendres la mati\u00e8re, et produit la Terre, d&rsquo;o\u00f9 na\u00eet le M\u00e9tal, qui en condensant g\u00e9n\u00e8re de l&rsquo;Eau ; celle-ci nourrit le Bois qui alimente le Feu.<\/li>\n<li><em>Le cycle d&rsquo;affaiblissement ou d&rsquo;\u00e9puisement<\/em>. Dans ce cycle, qui n&rsquo;est pas agressif, un \u00e9l\u00e9ment \u00e9puise les \u00e9nergies de l&rsquo;\u00e9l\u00e9ment qui le produit. Le Bois, nourrit par l&rsquo;Eau, \u00e9puise celle-ci ; l&rsquo;Eau \u00e9puise le M\u00e9tal qui l&rsquo;a produit ; le M\u00e9tal \u00e9puise la Terre dont il est extrait en la malmenant ; la Terre, en exc\u00e8s ou jet\u00e9 sur le feu, va l&rsquo;\u00e9teindre, et enfin le Feu qui br\u00fble le Bois, l&rsquo;affaiblit.<\/li>\n<li><em>Le cycle de contr\u00f4le ou de destruction.<\/em> Ce cycle utilise un \u00e9l\u00e9ment pour en contr\u00f4ler un autre. L&rsquo;Eau \u00e9teint le Feu, qui fait fondre le M\u00e9tal ; ce dernier coupe le Bois dont les racines traversent et prennent les nutriments de la Terre ; celle-ci bloque l&rsquo;Eau.<\/li>\n<\/ol>\n[\/vc_column_text][\/vc_column][vc_column width=\u00a0\u00bb1\/6&Prime;][\/vc_column][\/vc_row]\n<\/div>","protected":false},"excerpt":{"rendered":"<p>[vc_row full_width=\u00a0\u00bbstretch_row_content\u00a0\u00bb gap=\u00a0\u00bb10&Prime; content_placement=\u00a0\u00bbmiddle\u00a0\u00bb][vc_column width=\u00a0\u00bb1\/5&Prime;][vc_single_image image=\u00a0\u00bb1159&Prime; img_size=\u00a0\u00bbfull\u00a0\u00bb alignment=\u00a0\u00bbcenter\u00a0\u00bb style=\u00a0\u00bbvc_box_outline_circle_2&Prime; border_color=\u00a0\u00bbjuicy_pink\u00a0\u00bb css=\u00a0\u00bb\u00a0\u00bb title=\u00a0\u00bbLe Feu\u00a0\u00bb][\/vc_column][vc_column width=\u00a0\u00bb1\/5&Prime;][vc_single_image image=\u00a0\u00bb1160&Prime; img_size=\u00a0\u00bbfull\u00a0\u00bb alignment=\u00a0\u00bbcenter\u00a0\u00bb style=\u00a0\u00bbvc_box_outline_circle_2&Prime; border_color=\u00a0\u00bbsandy_brown\u00a0\u00bb css=\u00a0\u00bb\u00a0\u00bb title=\u00a0\u00bbLa Terre\u00a0\u00bb][\/vc_column][vc_column width=\u00a0\u00bb1\/5&Prime;][vc_single_image image=\u00a0\u00bb1162&Prime; img_size=\u00a0\u00bbfull\u00a0\u00bb alignment=\u00a0\u00bbcenter\u00a0\u00bb style=\u00a0\u00bbvc_box_outline_circle_2&Prime; border_color=\u00a0\u00bborange\u00a0\u00bb css=\u00a0\u00bb\u00a0\u00bb title=\u00a0\u00bbLe M\u00e9tal\u00a0\u00bb][\/vc_column][vc_column width=\u00a0\u00bb1\/5&Prime;][vc_single_image image=\u00a0\u00bb1163&Prime; img_size=\u00a0\u00bbfull\u00a0\u00bb alignment=\u00a0\u00bbcenter\u00a0\u00bb style=\u00a0\u00bbvc_box_outline_circle_2&Prime; border_color=\u00a0\u00bbsky\u00a0\u00bb css=\u00a0\u00bb\u00a0\u00bb title=\u00a0\u00bbL&rsquo;eau\u00a0\u00bb][\/vc_column][vc_column width=\u00a0\u00bb1\/5&Prime;][vc_single_image &hellip; <a href=\"https:\/\/taoyingyang.fr\/index.php\/les-cinq-elements-wu-xing\/\">Lire la suite\u00ad\u00ad<\/a><\/p>\n","protected":false},"author":1,"featured_media":0,"parent":0,"menu_order":0,"comment_status":"closed","ping_status":"closed","template":"","meta":{"kt_blocks_editor_width":"","footnotes":""},"class_list":["post-1158","page","type-page","status-publish","hentry"],"yoast_head":"<!-- This site is optimized with the Yoast SEO plugin v27.4 - https:\/\/yoast.com\/product\/yoast-seo-wordpress\/ -->\n<title>Les cinq \u00e9l\u00e9ments : Wu Xing - TAOYINYANG<\/title>\n<meta name=\"robots\" content=\"index, follow, max-snippet:-1, max-image-preview:large, max-video-preview:-1\" \/>\n<link rel=\"canonical\" href=\"https:\/\/taoyingyang.fr\/index.php\/les-cinq-elements-wu-xing\/\" \/>\n<meta property=\"og:locale\" content=\"fr_FR\" \/>\n<meta property=\"og:type\" content=\"article\" \/>\n<meta property=\"og:title\" content=\"Les cinq \u00e9l\u00e9ments : Wu Xing - TAOYINYANG\" \/>\n<meta property=\"og:description\" content=\"[vc_row full_width=\u00a0\u00bbstretch_row_content\u00a0\u00bb gap=\u00a0\u00bb10&Prime; content_placement=\u00a0\u00bbmiddle\u00a0\u00bb][vc_column width=\u00a0\u00bb1\/5&Prime;][vc_single_image image=\u00a0\u00bb1159&Prime; img_size=\u00a0\u00bbfull\u00a0\u00bb alignment=\u00a0\u00bbcenter\u00a0\u00bb style=\u00a0\u00bbvc_box_outline_circle_2&Prime; border_color=\u00a0\u00bbjuicy_pink\u00a0\u00bb css=\u00a0\u00bb\u00a0\u00bb title=\u00a0\u00bbLe Feu\u00a0\u00bb][\/vc_column][vc_column width=\u00a0\u00bb1\/5&Prime;][vc_single_image image=\u00a0\u00bb1160&Prime; img_size=\u00a0\u00bbfull\u00a0\u00bb alignment=\u00a0\u00bbcenter\u00a0\u00bb style=\u00a0\u00bbvc_box_outline_circle_2&Prime; border_color=\u00a0\u00bbsandy_brown\u00a0\u00bb css=\u00a0\u00bb\u00a0\u00bb title=\u00a0\u00bbLa Terre\u00a0\u00bb][\/vc_column][vc_column width=\u00a0\u00bb1\/5&Prime;][vc_single_image image=\u00a0\u00bb1162&Prime; img_size=\u00a0\u00bbfull\u00a0\u00bb alignment=\u00a0\u00bbcenter\u00a0\u00bb style=\u00a0\u00bbvc_box_outline_circle_2&Prime; border_color=\u00a0\u00bborange\u00a0\u00bb css=\u00a0\u00bb\u00a0\u00bb title=\u00a0\u00bbLe M\u00e9tal\u00a0\u00bb][\/vc_column][vc_column width=\u00a0\u00bb1\/5&Prime;][vc_single_image image=\u00a0\u00bb1163&Prime; img_size=\u00a0\u00bbfull\u00a0\u00bb alignment=\u00a0\u00bbcenter\u00a0\u00bb style=\u00a0\u00bbvc_box_outline_circle_2&Prime; border_color=\u00a0\u00bbsky\u00a0\u00bb css=\u00a0\u00bb\u00a0\u00bb title=\u00a0\u00bbL&rsquo;eau\u00a0\u00bb][\/vc_column][vc_column width=\u00a0\u00bb1\/5&Prime;][vc_single_image &hellip; Lire la suite\u00ad\u00ad\" \/>\n<meta property=\"og:url\" content=\"https:\/\/taoyingyang.fr\/index.php\/les-cinq-elements-wu-xing\/\" \/>\n<meta property=\"og:site_name\" content=\"TAOYINYANG\" \/>\n<meta property=\"article:publisher\" content=\"https:\/\/www.facebook.com\/embzh\" \/>\n<meta property=\"article:modified_time\" content=\"2024-08-17T14:24:29+00:00\" \/>\n<meta name=\"twitter:card\" content=\"summary_large_image\" \/>\n<meta name=\"twitter:label1\" content=\"Dur\u00e9e de lecture estim\u00e9e\" \/>\n\t<meta name=\"twitter:data1\" content=\"3 minutes\" \/>\n<script type=\"application\/ld+json\" class=\"yoast-schema-graph\">{\"@context\":\"https:\\\/\\\/schema.org\",\"@graph\":[{\"@type\":\"WebPage\",\"@id\":\"https:\\\/\\\/taoyingyang.fr\\\/index.php\\\/les-cinq-elements-wu-xing\\\/\",\"url\":\"https:\\\/\\\/taoyingyang.fr\\\/index.php\\\/les-cinq-elements-wu-xing\\\/\",\"name\":\"Les cinq \u00e9l\u00e9ments : Wu Xing - TAOYINYANG\",\"isPartOf\":{\"@id\":\"https:\\\/\\\/taoyingyang.fr\\\/#website\"},\"datePublished\":\"2024-08-17T14:11:33+00:00\",\"dateModified\":\"2024-08-17T14:24:29+00:00\",\"breadcrumb\":{\"@id\":\"https:\\\/\\\/taoyingyang.fr\\\/index.php\\\/les-cinq-elements-wu-xing\\\/#breadcrumb\"},\"inLanguage\":\"fr-FR\",\"potentialAction\":[{\"@type\":\"ReadAction\",\"target\":[\"https:\\\/\\\/taoyingyang.fr\\\/index.php\\\/les-cinq-elements-wu-xing\\\/\"]}]},{\"@type\":\"BreadcrumbList\",\"@id\":\"https:\\\/\\\/taoyingyang.fr\\\/index.php\\\/les-cinq-elements-wu-xing\\\/#breadcrumb\",\"itemListElement\":[{\"@type\":\"ListItem\",\"position\":1,\"name\":\"Accueil\",\"item\":\"https:\\\/\\\/taoyingyang.fr\\\/\"},{\"@type\":\"ListItem\",\"position\":2,\"name\":\"Les cinq \u00e9l\u00e9ments : Wu Xing\"}]},{\"@type\":\"WebSite\",\"@id\":\"https:\\\/\\\/taoyingyang.fr\\\/#website\",\"url\":\"https:\\\/\\\/taoyingyang.fr\\\/\",\"name\":\"taoyingyang.fr\",\"description\":\"Un art de vivre, le Feng Shui\",\"publisher\":{\"@id\":\"https:\\\/\\\/taoyingyang.fr\\\/#\\\/schema\\\/person\\\/ab079bb0ea4b540fc81ba1c6d5725c14\"},\"potentialAction\":[{\"@type\":\"SearchAction\",\"target\":{\"@type\":\"EntryPoint\",\"urlTemplate\":\"https:\\\/\\\/taoyingyang.fr\\\/?s={search_term_string}\"},\"query-input\":{\"@type\":\"PropertyValueSpecification\",\"valueRequired\":true,\"valueName\":\"search_term_string\"}}],\"inLanguage\":\"fr-FR\"},{\"@type\":[\"Person\",\"Organization\"],\"@id\":\"https:\\\/\\\/taoyingyang.fr\\\/#\\\/schema\\\/person\\\/ab079bb0ea4b540fc81ba1c6d5725c14\",\"name\":\"taoyingyang.fr\",\"image\":{\"@type\":\"ImageObject\",\"inLanguage\":\"fr-FR\",\"@id\":\"https:\\\/\\\/taoyingyang.fr\\\/wp-content\\\/uploads\\\/2024\\\/03\\\/logo-feng-shui-fond-blanc-1.jpg\",\"url\":\"https:\\\/\\\/taoyingyang.fr\\\/wp-content\\\/uploads\\\/2024\\\/03\\\/logo-feng-shui-fond-blanc-1.jpg\",\"contentUrl\":\"https:\\\/\\\/taoyingyang.fr\\\/wp-content\\\/uploads\\\/2024\\\/03\\\/logo-feng-shui-fond-blanc-1.jpg\",\"width\":997,\"height\":1348,\"caption\":\"taoyingyang.fr\"},\"logo\":{\"@id\":\"https:\\\/\\\/taoyingyang.fr\\\/wp-content\\\/uploads\\\/2024\\\/03\\\/logo-feng-shui-fond-blanc-1.jpg\"},\"description\":\"N\u00e9e sur les bords de la Cot\u00e9 d'Emeraude, bretonne dans l'\u00e2me, comptable de formation et form\u00e9e en tant que peintre en d\u00e9cors, j'ai souhait\u00e9e explorer des domaines plus spirituellement pour mon d\u00e9veloppement personnel ; ainsi, je suis devenue progressivement num\u00e9rologue, lithoth\u00e9rapeute, de tous ces savoir-faire, j'ai cr\u00e9\u00e9 l'ArtNum\u00e9roTh\u00e9rapie qui associe la peinture et la num\u00e9rologie ; je r\u00e9alise \u00e9galement des peintures tr\u00e8s personnalis\u00e9es pour vous. Je me suis \u00e9galement int\u00e9ress\u00e9e au Feng Shui traditionnel, discipline chinoise permettant une qualit\u00e9 de vie certaine. Je vous propose des ateliers, des consultations et des formations en num\u00e9rologie, lithoth\u00e9rapie, Artnum\u00e9roth\u00e9rapie et en Feng Shui Traditionnel. Tous ces outils d'\u00e9volution personnelle s'adressent aux particuliers comme aux entreprises.\",\"sameAs\":[\"http:\\\/\\\/taoyingyang.fr\",\"https:\\\/\\\/www.facebook.com\\\/embzh\",\"https:\\\/\\\/www.instagram.com\\\/edith.mary.50\\\/\"]}]}<\/script>\n<!-- \/ Yoast SEO plugin. -->","yoast_head_json":{"title":"Les cinq \u00e9l\u00e9ments : Wu Xing - TAOYINYANG","robots":{"index":"index","follow":"follow","max-snippet":"max-snippet:-1","max-image-preview":"max-image-preview:large","max-video-preview":"max-video-preview:-1"},"canonical":"https:\/\/taoyingyang.fr\/index.php\/les-cinq-elements-wu-xing\/","og_locale":"fr_FR","og_type":"article","og_title":"Les cinq \u00e9l\u00e9ments : Wu Xing - TAOYINYANG","og_description":"[vc_row full_width=\u00a0\u00bbstretch_row_content\u00a0\u00bb gap=\u00a0\u00bb10&Prime; content_placement=\u00a0\u00bbmiddle\u00a0\u00bb][vc_column width=\u00a0\u00bb1\/5&Prime;][vc_single_image image=\u00a0\u00bb1159&Prime; img_size=\u00a0\u00bbfull\u00a0\u00bb alignment=\u00a0\u00bbcenter\u00a0\u00bb style=\u00a0\u00bbvc_box_outline_circle_2&Prime; border_color=\u00a0\u00bbjuicy_pink\u00a0\u00bb css=\u00a0\u00bb\u00a0\u00bb title=\u00a0\u00bbLe Feu\u00a0\u00bb][\/vc_column][vc_column width=\u00a0\u00bb1\/5&Prime;][vc_single_image image=\u00a0\u00bb1160&Prime; img_size=\u00a0\u00bbfull\u00a0\u00bb alignment=\u00a0\u00bbcenter\u00a0\u00bb style=\u00a0\u00bbvc_box_outline_circle_2&Prime; border_color=\u00a0\u00bbsandy_brown\u00a0\u00bb css=\u00a0\u00bb\u00a0\u00bb title=\u00a0\u00bbLa Terre\u00a0\u00bb][\/vc_column][vc_column width=\u00a0\u00bb1\/5&Prime;][vc_single_image image=\u00a0\u00bb1162&Prime; img_size=\u00a0\u00bbfull\u00a0\u00bb alignment=\u00a0\u00bbcenter\u00a0\u00bb style=\u00a0\u00bbvc_box_outline_circle_2&Prime; border_color=\u00a0\u00bborange\u00a0\u00bb css=\u00a0\u00bb\u00a0\u00bb title=\u00a0\u00bbLe M\u00e9tal\u00a0\u00bb][\/vc_column][vc_column width=\u00a0\u00bb1\/5&Prime;][vc_single_image image=\u00a0\u00bb1163&Prime; img_size=\u00a0\u00bbfull\u00a0\u00bb alignment=\u00a0\u00bbcenter\u00a0\u00bb style=\u00a0\u00bbvc_box_outline_circle_2&Prime; border_color=\u00a0\u00bbsky\u00a0\u00bb css=\u00a0\u00bb\u00a0\u00bb title=\u00a0\u00bbL&rsquo;eau\u00a0\u00bb][\/vc_column][vc_column width=\u00a0\u00bb1\/5&Prime;][vc_single_image &hellip; Lire la suite\u00ad\u00ad","og_url":"https:\/\/taoyingyang.fr\/index.php\/les-cinq-elements-wu-xing\/","og_site_name":"TAOYINYANG","article_publisher":"https:\/\/www.facebook.com\/embzh","article_modified_time":"2024-08-17T14:24:29+00:00","twitter_card":"summary_large_image","twitter_misc":{"Dur\u00e9e de lecture estim\u00e9e":"3 minutes"},"schema":{"@context":"https:\/\/schema.org","@graph":[{"@type":"WebPage","@id":"https:\/\/taoyingyang.fr\/index.php\/les-cinq-elements-wu-xing\/","url":"https:\/\/taoyingyang.fr\/index.php\/les-cinq-elements-wu-xing\/","name":"Les cinq \u00e9l\u00e9ments : Wu Xing - TAOYINYANG","isPartOf":{"@id":"https:\/\/taoyingyang.fr\/#website"},"datePublished":"2024-08-17T14:11:33+00:00","dateModified":"2024-08-17T14:24:29+00:00","breadcrumb":{"@id":"https:\/\/taoyingyang.fr\/index.php\/les-cinq-elements-wu-xing\/#breadcrumb"},"inLanguage":"fr-FR","potentialAction":[{"@type":"ReadAction","target":["https:\/\/taoyingyang.fr\/index.php\/les-cinq-elements-wu-xing\/"]}]},{"@type":"BreadcrumbList","@id":"https:\/\/taoyingyang.fr\/index.php\/les-cinq-elements-wu-xing\/#breadcrumb","itemListElement":[{"@type":"ListItem","position":1,"name":"Accueil","item":"https:\/\/taoyingyang.fr\/"},{"@type":"ListItem","position":2,"name":"Les cinq \u00e9l\u00e9ments : Wu Xing"}]},{"@type":"WebSite","@id":"https:\/\/taoyingyang.fr\/#website","url":"https:\/\/taoyingyang.fr\/","name":"taoyingyang.fr","description":"Un art de vivre, le Feng Shui","publisher":{"@id":"https:\/\/taoyingyang.fr\/#\/schema\/person\/ab079bb0ea4b540fc81ba1c6d5725c14"},"potentialAction":[{"@type":"SearchAction","target":{"@type":"EntryPoint","urlTemplate":"https:\/\/taoyingyang.fr\/?s={search_term_string}"},"query-input":{"@type":"PropertyValueSpecification","valueRequired":true,"valueName":"search_term_string"}}],"inLanguage":"fr-FR"},{"@type":["Person","Organization"],"@id":"https:\/\/taoyingyang.fr\/#\/schema\/person\/ab079bb0ea4b540fc81ba1c6d5725c14","name":"taoyingyang.fr","image":{"@type":"ImageObject","inLanguage":"fr-FR","@id":"https:\/\/taoyingyang.fr\/wp-content\/uploads\/2024\/03\/logo-feng-shui-fond-blanc-1.jpg","url":"https:\/\/taoyingyang.fr\/wp-content\/uploads\/2024\/03\/logo-feng-shui-fond-blanc-1.jpg","contentUrl":"https:\/\/taoyingyang.fr\/wp-content\/uploads\/2024\/03\/logo-feng-shui-fond-blanc-1.jpg","width":997,"height":1348,"caption":"taoyingyang.fr"},"logo":{"@id":"https:\/\/taoyingyang.fr\/wp-content\/uploads\/2024\/03\/logo-feng-shui-fond-blanc-1.jpg"},"description":"N\u00e9e sur les bords de la Cot\u00e9 d'Emeraude, bretonne dans l'\u00e2me, comptable de formation et form\u00e9e en tant que peintre en d\u00e9cors, j'ai souhait\u00e9e explorer des domaines plus spirituellement pour mon d\u00e9veloppement personnel ; ainsi, je suis devenue progressivement num\u00e9rologue, lithoth\u00e9rapeute, de tous ces savoir-faire, j'ai cr\u00e9\u00e9 l'ArtNum\u00e9roTh\u00e9rapie qui associe la peinture et la num\u00e9rologie ; je r\u00e9alise \u00e9galement des peintures tr\u00e8s personnalis\u00e9es pour vous. Je me suis \u00e9galement int\u00e9ress\u00e9e au Feng Shui traditionnel, discipline chinoise permettant une qualit\u00e9 de vie certaine. Je vous propose des ateliers, des consultations et des formations en num\u00e9rologie, lithoth\u00e9rapie, Artnum\u00e9roth\u00e9rapie et en Feng Shui Traditionnel. Tous ces outils d'\u00e9volution personnelle s'adressent aux particuliers comme aux entreprises.","sameAs":["http:\/\/taoyingyang.fr","https:\/\/www.facebook.com\/embzh","https:\/\/www.instagram.com\/edith.mary.50\/"]}]}},"jetpack_sharing_enabled":true,"_links":{"self":[{"href":"https:\/\/taoyingyang.fr\/index.php\/wp-json\/wp\/v2\/pages\/1158","targetHints":{"allow":["GET"]}}],"collection":[{"href":"https:\/\/taoyingyang.fr\/index.php\/wp-json\/wp\/v2\/pages"}],"about":[{"href":"https:\/\/taoyingyang.fr\/index.php\/wp-json\/wp\/v2\/types\/page"}],"author":[{"embeddable":true,"href":"https:\/\/taoyingyang.fr\/index.php\/wp-json\/wp\/v2\/users\/1"}],"replies":[{"embeddable":true,"href":"https:\/\/taoyingyang.fr\/index.php\/wp-json\/wp\/v2\/comments?post=1158"}],"version-history":[{"count":11,"href":"https:\/\/taoyingyang.fr\/index.php\/wp-json\/wp\/v2\/pages\/1158\/revisions"}],"predecessor-version":[{"id":1177,"href":"https:\/\/taoyingyang.fr\/index.php\/wp-json\/wp\/v2\/pages\/1158\/revisions\/1177"}],"wp:attachment":[{"href":"https:\/\/taoyingyang.fr\/index.php\/wp-json\/wp\/v2\/media?parent=1158"}],"curies":[{"name":"wp","href":"https:\/\/api.w.org\/{rel}","templated":true}]}}