{"id":144,"date":"2024-05-03T16:50:43","date_gmt":"2024-05-03T14:50:43","guid":{"rendered":"https:\/\/taoyingyang.fr\/?page_id=144"},"modified":"2024-08-23T11:19:05","modified_gmt":"2024-08-23T09:19:05","slug":"le-feng-shui-chez-vous","status":"publish","type":"page","link":"https:\/\/taoyingyang.fr\/index.php\/le-feng-shui-chez-vous\/","title":{"rendered":"Le Feng Shui chez vous"},"content":{"rendered":"<div class=\"wpb-content-wrapper\">[vc_row full_width=\u00a0\u00bbstretch_row_content\u00a0\u00bb content_placement=\u00a0\u00bbmiddle\u00a0\u00bb][vc_column][vc_custom_heading text=\u00a0\u00bbLe Feng Shui chez vous,<br \/>\nun art de vivre en harmonie dans son environnement\u00a0\u00bb font_container=\u00a0\u00bbtag:h2|text_align:center\u00a0\u00bb google_fonts=\u00a0\u00bbfont_family:Junge%3Aregular|font_style:400%20regular%3A400%3Anormal\u00a0\u00bb css=\u00a0\u00bb\u00a0\u00bb][\/vc_column][\/vc_row][vc_row][vc_column][vc_single_image image=\u00a0\u00bb771&Prime; img_size=\u00a0\u00bblarge\u00a0\u00bb alignment=\u00a0\u00bbcenter\u00a0\u00bb style=\u00a0\u00bbvc_box_outline_circle\u00a0\u00bb css=\u00a0\u00bb\u00a0\u00bb][\/vc_column][\/vc_row][vc_row css=\u00a0\u00bb.vc_custom_1723902599346{background-color: #b4eaaf !important;}\u00a0\u00bb][vc_column][vc_cta h2=\u00a0\u00bbAm\u00e9liorer votre vie gr\u00e2ce au Feng Shui Traditionnel\u00a0\u00bb h4=\u00a0\u00bbDemandez un devis\u00a0\u00bb h4_font_container=\u00a0\u00bbtag:h4|text_align:center\u00a0\u00bb h4_use_theme_fonts=\u00a0\u00bbyes\u00a0\u00bb txt_align=\u00a0\u00bbcenter\u00a0\u00bb color=\u00a0\u00bbchino\u00a0\u00bb add_button=\u00a0\u00bbleft\u00a0\u00bb btn_title=\u00a0\u00bbContactez-moi\u00a0\u00bb btn_style=\u00a0\u00bboutline\u00a0\u00bb btn_color=\u00a0\u00bborange\u00a0\u00bb btn_align=\u00a0\u00bbcenter\u00a0\u00bb css=\u00a0\u00bb\u00a0\u00bb use_custom_fonts_h4=\u00a0\u00bbtrue\u00a0\u00bb btn_link=\u00a0\u00bburl:https%3A%2F%2Ftaoyingyang.fr%2Findex.php%2Fcontacts%2F|title:Me%20contacter\u00a0\u00bb h4_link=\u00a0\u00bburl:https%3A%2F%2Ftaoyingyang.fr%2Findex.php%2Fcontacts%2F|title:Me%20contacter\u00a0\u00bb]\n<p style=\"text-align: center;\">Une consultation Feng Shui de votre habitat , pour cr\u00e9er un lieu de vie harmonieux, et aider les personnes \u00e0 b\u00e9n\u00e9ficier des \u00e9nergies favorables de leur environnement.<\/p>\n[\/vc_cta][\/vc_column][\/vc_row][vc_row][vc_column][vc_column_text css=\u00a0\u00bb\u00a0\u00bb]\n<h3>Appliquer le Feng Shui, quels objectifs ?<\/h3>\n<p>Vous \u00e9voluez dans un environnement qui parfois n\u2019est pas toujours agr\u00e9able, et \u00e9nerg\u00e9tiquement parlant, pas ou tr\u00e8s peu positif.<br \/>\nVous ressentez un mal-\u00eatre, vous rencontrez des difficult\u00e9s dans vos projets, vos relations ne sont pas tr\u00e8s heureuses, vos finances ne sont pas au beau fixe, \u2026<\/p>\n<p>Beaucoup de situations dans lesquelles le Feng Shui peut aider :[\/vc_column_text][\/vc_column][\/vc_row][vc_row css=\u00a0\u00bb.vc_custom_1723476024516{margin-top: 0px !important;}\u00a0\u00bb][vc_column width=\u00a0\u00bb1\/2&Prime;][vc_column_text css=\u00a0\u00bb\u00a0\u00bb]\n<ul>\n<li>Am\u00e9liorer vos relations,<\/li>\n<li>Retrouver une harmonie avec votre entourage<\/li>\n<li>Bonifier votre sant\u00e9<\/li>\n<li>Solutionner les probl\u00e8mes financiers<\/li>\n<\/ul>\n[\/vc_column_text][\/vc_column][vc_column width=\u00a0\u00bb1\/2&Prime;][vc_column_text css=\u00a0\u00bb\u00a0\u00bb]\n<ul>\n<li>Dynamiser la r\u00e9ussite scolaire des enfants<\/li>\n<li>Faciliter les projets<\/li>\n<li>D\u00e9terminer le bon moment pour lancer un projet<\/li>\n<li>Provoquer les transactions immobili\u00e8res,\u2026<\/li>\n<\/ul>\n[\/vc_column_text][\/vc_column][\/vc_row][vc_row][vc_column][vc_column_text css=\u00a0\u00bb\u00a0\u00bb]\n<h3>Cr\u00e9er l&rsquo;harmonie !<\/h3>\n<p>Tout est \u00e9nergie dans l\u2019univers !<\/p>\n<p>L&rsquo;homme \u00e9volue dans un environnement qui doit \u00eatre favorable pour son plein \u00e9panouissement. Le Feng Shui consiste \u00e0 harmoniser et \u00e0 am\u00e9nager le lieu de vie. Un examen de celui-ci permet de conna\u00eetre la circulation des \u00e9nergies.<\/p>\n<p>L&rsquo;analyse porte sur l&rsquo;environnement ext\u00e9rieur et l&rsquo;agencement int\u00e9rieur, sur la concordance de vos \u00e9nergies et celles du lieu, leur situation spatiale, et leur influence au niveau temporelle.<\/p>\n<p>Des conseils et recommandations sont pr\u00e9conis\u00e9s en consid\u00e9rant vos possibilit\u00e9s mat\u00e9rielles et financi\u00e8res ; je pr\u00e9cise que je ne suis pas l\u00e0 pour vous entrainer dans des d\u00e9marches on\u00e9reuses.[\/vc_column_text][\/vc_column][\/vc_row][vc_row gap=\u00a0\u00bb10&Prime;][vc_column width=\u00a0\u00bb1\/3&Prime; css=\u00a0\u00bb.vc_custom_1478009539370{padding-top: 15px !important;background-color: #f4f4f4 !important;border-radius: 5px !important;}\u00a0\u00bb][vc_single_image image=\u00a0\u00bb822&Prime; img_size=\u00a0\u00bblarge\u00a0\u00bb style=\u00a0\u00bbvc_box_rounded\u00a0\u00bb css=\u00a0\u00bb.vc_custom_1723464642795{margin-bottom: 0px !important;}\u00a0\u00bb][vc_custom_heading text=\u00a0\u00bbForfait D\u00e9couverte\u00a0\u00bb font_container=\u00a0\u00bbtag:h3|text_align:center\u00a0\u00bb use_theme_fonts=\u00a0\u00bbyes\u00a0\u00bb css=\u00a0\u00bb\u00a0\u00bb][vc_column_text css=\u00a0\u00bb\u00a0\u00bb]Je vous propose de venir chez vous, faire un \u00e9tat des lieux rapide de l\u2019ext\u00e9rieur et de l\u2019int\u00e9rieur de votre maison.<br \/>\nJe vous conseille pour plus de bien-\u00eatre dans votre vie.<\/p>\n<p><strong><em>Forfait de 3 heures pour 290\u20ac.<\/em><\/strong>[\/vc_column_text][\/vc_column][vc_column width=\u00a0\u00bb1\/3&Prime; css=\u00a0\u00bb.vc_custom_1478009545014{padding-top: 15px !important;background-color: #f4f4f4 !important;border-radius: 5px !important;}\u00a0\u00bb][vc_single_image image=\u00a0\u00bb818&Prime; img_size=\u00a0\u00bblarge\u00a0\u00bb alignment=\u00a0\u00bbcenter\u00a0\u00bb style=\u00a0\u00bbvc_box_rounded\u00a0\u00bb css=\u00a0\u00bb.vc_custom_1723464208734{margin-bottom: 0px !important;}\u00a0\u00bb][vc_custom_heading text=\u00a0\u00bbAnalyse Feng Shui\u00a0\u00bb font_container=\u00a0\u00bbtag:h3|text_align:center\u00a0\u00bb use_theme_fonts=\u00a0\u00bbyes\u00a0\u00bb css=\u00a0\u00bb\u00a0\u00bb][vc_column_text css=\u00a0\u00bb\u00a0\u00bb]Une analyse Feng Shui compl\u00e8te de votre habitat pour<\/p>\n<ul>\n<li>cr\u00e9er une ambiance,<\/li>\n<li>pour r\u00e9pondre \u00e0 une ou plusieurs probl\u00e9matiques que vous rencontrez dans votre vie,&#8230;<\/li>\n<\/ul>\n<p>afin que chaque personne b\u00e9n\u00e9ficie d&rsquo;un environnement \u00e9nerg\u00e9tique favorable.<\/p>\n<p>Qu&rsquo;il s&rsquo;agissent de votre domaine relationnel, professionnel, de sant\u00e9, de r\u00e9ussite, de finances, \u2026, le Feng Shui peut apporte des r\u00e9ponses et y rem\u00e9dier.<\/p>\n<p><strong><em>Sur devis selon la surface de la maison, le nombres des occupants.\u00a0<\/em><\/strong>[\/vc_column_text][\/vc_column][vc_column width=\u00a0\u00bb1\/3&Prime; css=\u00a0\u00bb.vc_custom_1478009549695{padding-top: 15px !important;background-color: #f4f4f4 !important;border-radius: 5px !important;}\u00a0\u00bb][vc_single_image image=\u00a0\u00bb820&Prime; img_size=\u00a0\u00bbfull\u00a0\u00bb style=\u00a0\u00bbvc_box_rounded\u00a0\u00bb css=\u00a0\u00bb.vc_custom_1723464512637{margin-bottom: 0px !important;}\u00a0\u00bb][vc_custom_heading text=\u00a0\u00bbConseils en d\u00e9coration et am\u00e9nagement\u00a0\u00bb font_container=\u00a0\u00bbtag:h3|text_align:center\u00a0\u00bb use_theme_fonts=\u00a0\u00bbyes\u00a0\u00bb css=\u00a0\u00bb\u00a0\u00bb][vc_column_text css=\u00a0\u00bb\u00a0\u00bb]Mon exp\u00e9rience au sein de l&rsquo;entreprise familiale en Menuiserie et Agencement int\u00e9rieur, ainsi qu&rsquo;en tant que peintre en d\u00e9cors, me permettent aujourd&rsquo;hui de vous conseiller dans l&rsquo;agencement int\u00e9rieur et ext\u00e9rieur de votre maison, selon votre choix.<br \/>\nJouer avec les couleurs, les mati\u00e8res, les formes pour concevoir des ambiances \u00e0 votre image.<\/p>\n<p><em><strong>Sur devis, pour une ou plusieurs pi\u00e8ces, ou l&rsquo;ensemble de la maison.<\/strong><\/em>[\/vc_column_text][\/vc_column][\/vc_row][vc_row][vc_column width=\u00a0\u00bb1\/2&Prime;][vc_single_image image=\u00a0\u00bb845&Prime; img_size=\u00a0\u00bbmedium\u00a0\u00bb alignment=\u00a0\u00bbcenter\u00a0\u00bb style=\u00a0\u00bbvc_box_circle_2&Prime; css=\u00a0\u00bb\u00a0\u00bb title=\u00a0\u00bbPour les particuliers\u00a0\u00bb][vc_custom_heading text=\u00a0\u00bb\u00a0\u00bb font_container=\u00a0\u00bbtag:h4|text_align:center\u00a0\u00bb use_theme_fonts=\u00a0\u00bbyes\u00a0\u00bb css=\u00a0\u00bb\u00a0\u00bb link=\u00a0\u00bburl:https%3A%2F%2Ftaoyingyang.fr%2Findex.php%2Fpour-les-particuliers%2F|title:Pour%20les%20particuliers\u00a0\u00bb][vc_column_text css=\u00a0\u00bb\u00a0\u00bb]\n<p style=\"text-align: center;\">L&rsquo;analyse Feng Shui d&rsquo;un logement offre la possibilit\u00e9 d&rsquo;accorder les \u00e9nergies pour vous apporter du bien-\u00eatre dans tous les domaines de votre vie.<\/p>\n[\/vc_column_text][vc_btn title=\u00a0\u00bbEn savoir plus\u00a0\u00bb style=\u00a0\u00bboutline\u00a0\u00bb color=\u00a0\u00bborange\u00a0\u00bb align=\u00a0\u00bbcenter\u00a0\u00bb css=\u00a0\u00bb\u00a0\u00bb link=\u00a0\u00bburl:https%3A%2F%2Ftaoyingyang.fr%2Findex.php%2Fle-feng-shui-pour-les-particuliers%2F|title:Pour%20les%20particuliers\u00a0\u00bb][\/vc_column][vc_column width=\u00a0\u00bb1\/2&Prime;][vc_single_image image=\u00a0\u00bb842&Prime; img_size=\u00a0\u00bbmedium\u00a0\u00bb alignment=\u00a0\u00bbcenter\u00a0\u00bb style=\u00a0\u00bbvc_box_circle_2&Prime; css=\u00a0\u00bb\u00a0\u00bb title=\u00a0\u00bbPour les entreprises\u00a0\u00bb][vc_custom_heading text=\u00a0\u00bb\u00a0\u00bb font_container=\u00a0\u00bbtag:h4|text_align:center\u00a0\u00bb use_theme_fonts=\u00a0\u00bbyes\u00a0\u00bb css=\u00a0\u00bb\u00a0\u00bb link=\u00a0\u00bburl:https%3A%2F%2Ftaoyingyang.fr%2Findex.php%2Fpour-les-entrerprises%2F|title:Pour%20les%20entrerprises\u00a0\u00bb][vc_column_text css=\u00a0\u00bb\u00a0\u00bb]\n<p style=\"text-align: center;\">Utiliser le Feng Shui dans une entreprise a pour objectif de cr\u00e9er un environnement \u00e9quilibr\u00e9 et serein, afin que les employ\u00e9s, le chef d&rsquo;entreprise et, m\u00eame les clients se sentent \u00e9panoui.<\/p>\n[\/vc_column_text][vc_btn title=\u00a0\u00bbEn savoir plus\u00a0\u00bb style=\u00a0\u00bboutline\u00a0\u00bb color=\u00a0\u00bborange\u00a0\u00bb align=\u00a0\u00bbcenter\u00a0\u00bb css=\u00a0\u00bb\u00a0\u00bb link=\u00a0\u00bburl:https%3A%2F%2Ftaoyingyang.fr%2Findex.php%2Fle-feng-shui-pour-les-entreprises%2F|title:Pour%20les%20entrerprises\u00a0\u00bb][\/vc_column][\/vc_row][vc_row][vc_column][vc_custom_heading text=\u00a0\u00bbAppliquer le Feng Shui chez vous, c&rsquo;est possible !<br \/>\nContactez-moi\u00a0\u00bb font_container=\u00a0\u00bbtag:h3|text_align:center|color:%23ffffff\u00a0\u00bb google_fonts=\u00a0\u00bbfont_family:Junge%3Aregular|font_style:400%20regular%3A400%3Anormal\u00a0\u00bb css=\u00a0\u00bb.vc_custom_1723473983319{background-image: url(https:\/\/taoyingyang.fr\/wp-content\/uploads\/2024\/08\/bonzai.jpg?id=647) !important;}\u00a0\u00bb link=\u00a0\u00bburl:https%3A%2F%2Ftaoyingyang.fr%2Findex.php%2Fcontacts%2F|title:Me%20contacter\u00a0\u00bb][\/vc_column][\/vc_row]\n<\/div>","protected":false},"excerpt":{"rendered":"<p>[vc_row full_width=\u00a0\u00bbstretch_row_content\u00a0\u00bb content_placement=\u00a0\u00bbmiddle\u00a0\u00bb][vc_column][vc_custom_heading text=\u00a0\u00bbLe Feng Shui chez vous, un art de vivre en harmonie dans son environnement\u00a0\u00bb font_container=\u00a0\u00bbtag:h2|text_align:center\u00a0\u00bb google_fonts=\u00a0\u00bbfont_family:Junge%3Aregular|font_style:400%20regular%3A400%3Anormal\u00a0\u00bb css=\u00a0\u00bb\u00a0\u00bb][\/vc_column][\/vc_row][vc_row][vc_column][vc_single_image image=\u00a0\u00bb771&Prime; img_size=\u00a0\u00bblarge\u00a0\u00bb alignment=\u00a0\u00bbcenter\u00a0\u00bb style=\u00a0\u00bbvc_box_outline_circle\u00a0\u00bb css=\u00a0\u00bb\u00a0\u00bb][\/vc_column][\/vc_row][vc_row css=\u00a0\u00bb.vc_custom_1723902599346{background-color: #b4eaaf !important;}\u00a0\u00bb][vc_column][vc_cta h2=\u00a0\u00bbAm\u00e9liorer votre vie gr\u00e2ce au Feng Shui Traditionnel\u00a0\u00bb h4=\u00a0\u00bbDemandez un devis\u00a0\u00bb h4_font_container=\u00a0\u00bbtag:h4|text_align:center\u00a0\u00bb &hellip; <a href=\"https:\/\/taoyingyang.fr\/index.php\/le-feng-shui-chez-vous\/\">Lire la suite\u00ad\u00ad<\/a><\/p>\n","protected":false},"author":1,"featured_media":0,"parent":0,"menu_order":0,"comment_status":"closed","ping_status":"closed","template":"","meta":{"kt_blocks_editor_width":"","footnotes":""},"class_list":["post-144","page","type-page","status-publish","hentry"],"yoast_head":"<!-- This site is optimized with the Yoast SEO plugin v27.4 - https:\/\/yoast.com\/product\/yoast-seo-wordpress\/ -->\n<title>Le Feng Shui chez vous - TAOYINYANG<\/title>\n<meta name=\"description\" content=\"Le Feng Shui chez vous : une analyse de votre logement pour se sentir bien et mettre les chances de son c\u00f4t\u00e9 dans tous les domaines de sa vie\" \/>\n<meta name=\"robots\" content=\"index, follow, max-snippet:-1, max-image-preview:large, max-video-preview:-1\" \/>\n<link rel=\"canonical\" href=\"https:\/\/taoyingyang.fr\/index.php\/le-feng-shui-chez-vous\/\" \/>\n<meta property=\"og:locale\" content=\"fr_FR\" \/>\n<meta property=\"og:type\" content=\"article\" \/>\n<meta property=\"og:title\" content=\"Le Feng Shui chez vous - TAOYINYANG\" \/>\n<meta property=\"og:description\" content=\"Le Feng Shui chez vous : une analyse de votre logement pour se sentir bien et mettre les chances de son c\u00f4t\u00e9 dans tous les domaines de sa vie\" \/>\n<meta property=\"og:url\" content=\"https:\/\/taoyingyang.fr\/index.php\/le-feng-shui-chez-vous\/\" \/>\n<meta property=\"og:site_name\" content=\"TAOYINYANG\" \/>\n<meta property=\"article:publisher\" content=\"https:\/\/www.facebook.com\/embzh\" \/>\n<meta property=\"article:modified_time\" content=\"2024-08-23T09:19:05+00:00\" \/>\n<meta name=\"twitter:card\" content=\"summary_large_image\" \/>\n<meta name=\"twitter:label1\" content=\"Dur\u00e9e de lecture estim\u00e9e\" \/>\n\t<meta name=\"twitter:data1\" content=\"5 minutes\" \/>\n<script type=\"application\/ld+json\" class=\"yoast-schema-graph\">{\"@context\":\"https:\\\/\\\/schema.org\",\"@graph\":[{\"@type\":\"WebPage\",\"@id\":\"https:\\\/\\\/taoyingyang.fr\\\/index.php\\\/le-feng-shui-chez-vous\\\/\",\"url\":\"https:\\\/\\\/taoyingyang.fr\\\/index.php\\\/le-feng-shui-chez-vous\\\/\",\"name\":\"Le Feng Shui chez vous - TAOYINYANG\",\"isPartOf\":{\"@id\":\"https:\\\/\\\/taoyingyang.fr\\\/#website\"},\"datePublished\":\"2024-05-03T14:50:43+00:00\",\"dateModified\":\"2024-08-23T09:19:05+00:00\",\"description\":\"Le Feng Shui chez vous : une analyse de votre logement pour se sentir bien et mettre les chances de son c\u00f4t\u00e9 dans tous les domaines de sa vie\",\"breadcrumb\":{\"@id\":\"https:\\\/\\\/taoyingyang.fr\\\/index.php\\\/le-feng-shui-chez-vous\\\/#breadcrumb\"},\"inLanguage\":\"fr-FR\",\"potentialAction\":[{\"@type\":\"ReadAction\",\"target\":[\"https:\\\/\\\/taoyingyang.fr\\\/index.php\\\/le-feng-shui-chez-vous\\\/\"]}]},{\"@type\":\"BreadcrumbList\",\"@id\":\"https:\\\/\\\/taoyingyang.fr\\\/index.php\\\/le-feng-shui-chez-vous\\\/#breadcrumb\",\"itemListElement\":[{\"@type\":\"ListItem\",\"position\":1,\"name\":\"Accueil\",\"item\":\"https:\\\/\\\/taoyingyang.fr\\\/\"},{\"@type\":\"ListItem\",\"position\":2,\"name\":\"Le Feng Shui chez vous\"}]},{\"@type\":\"WebSite\",\"@id\":\"https:\\\/\\\/taoyingyang.fr\\\/#website\",\"url\":\"https:\\\/\\\/taoyingyang.fr\\\/\",\"name\":\"taoyingyang.fr\",\"description\":\"Un art de vivre, le Feng Shui\",\"publisher\":{\"@id\":\"https:\\\/\\\/taoyingyang.fr\\\/#\\\/schema\\\/person\\\/ab079bb0ea4b540fc81ba1c6d5725c14\"},\"potentialAction\":[{\"@type\":\"SearchAction\",\"target\":{\"@type\":\"EntryPoint\",\"urlTemplate\":\"https:\\\/\\\/taoyingyang.fr\\\/?s={search_term_string}\"},\"query-input\":{\"@type\":\"PropertyValueSpecification\",\"valueRequired\":true,\"valueName\":\"search_term_string\"}}],\"inLanguage\":\"fr-FR\"},{\"@type\":[\"Person\",\"Organization\"],\"@id\":\"https:\\\/\\\/taoyingyang.fr\\\/#\\\/schema\\\/person\\\/ab079bb0ea4b540fc81ba1c6d5725c14\",\"name\":\"taoyingyang.fr\",\"image\":{\"@type\":\"ImageObject\",\"inLanguage\":\"fr-FR\",\"@id\":\"https:\\\/\\\/taoyingyang.fr\\\/wp-content\\\/uploads\\\/2024\\\/03\\\/logo-feng-shui-fond-blanc-1.jpg\",\"url\":\"https:\\\/\\\/taoyingyang.fr\\\/wp-content\\\/uploads\\\/2024\\\/03\\\/logo-feng-shui-fond-blanc-1.jpg\",\"contentUrl\":\"https:\\\/\\\/taoyingyang.fr\\\/wp-content\\\/uploads\\\/2024\\\/03\\\/logo-feng-shui-fond-blanc-1.jpg\",\"width\":997,\"height\":1348,\"caption\":\"taoyingyang.fr\"},\"logo\":{\"@id\":\"https:\\\/\\\/taoyingyang.fr\\\/wp-content\\\/uploads\\\/2024\\\/03\\\/logo-feng-shui-fond-blanc-1.jpg\"},\"description\":\"N\u00e9e sur les bords de la Cot\u00e9 d'Emeraude, bretonne dans l'\u00e2me, comptable de formation et form\u00e9e en tant que peintre en d\u00e9cors, j'ai souhait\u00e9e explorer des domaines plus spirituellement pour mon d\u00e9veloppement personnel ; ainsi, je suis devenue progressivement num\u00e9rologue, lithoth\u00e9rapeute, de tous ces savoir-faire, j'ai cr\u00e9\u00e9 l'ArtNum\u00e9roTh\u00e9rapie qui associe la peinture et la num\u00e9rologie ; je r\u00e9alise \u00e9galement des peintures tr\u00e8s personnalis\u00e9es pour vous. Je me suis \u00e9galement int\u00e9ress\u00e9e au Feng Shui traditionnel, discipline chinoise permettant une qualit\u00e9 de vie certaine. Je vous propose des ateliers, des consultations et des formations en num\u00e9rologie, lithoth\u00e9rapie, Artnum\u00e9roth\u00e9rapie et en Feng Shui Traditionnel. Tous ces outils d'\u00e9volution personnelle s'adressent aux particuliers comme aux entreprises.\",\"sameAs\":[\"http:\\\/\\\/taoyingyang.fr\",\"https:\\\/\\\/www.facebook.com\\\/embzh\",\"https:\\\/\\\/www.instagram.com\\\/edith.mary.50\\\/\"]}]}<\/script>\n<!-- \/ Yoast SEO plugin. -->","yoast_head_json":{"title":"Le Feng Shui chez vous - TAOYINYANG","description":"Le Feng Shui chez vous : une analyse de votre logement pour se sentir bien et mettre les chances de son c\u00f4t\u00e9 dans tous les domaines de sa vie","robots":{"index":"index","follow":"follow","max-snippet":"max-snippet:-1","max-image-preview":"max-image-preview:large","max-video-preview":"max-video-preview:-1"},"canonical":"https:\/\/taoyingyang.fr\/index.php\/le-feng-shui-chez-vous\/","og_locale":"fr_FR","og_type":"article","og_title":"Le Feng Shui chez vous - TAOYINYANG","og_description":"Le Feng Shui chez vous : une analyse de votre logement pour se sentir bien et mettre les chances de son c\u00f4t\u00e9 dans tous les domaines de sa vie","og_url":"https:\/\/taoyingyang.fr\/index.php\/le-feng-shui-chez-vous\/","og_site_name":"TAOYINYANG","article_publisher":"https:\/\/www.facebook.com\/embzh","article_modified_time":"2024-08-23T09:19:05+00:00","twitter_card":"summary_large_image","twitter_misc":{"Dur\u00e9e de lecture estim\u00e9e":"5 minutes"},"schema":{"@context":"https:\/\/schema.org","@graph":[{"@type":"WebPage","@id":"https:\/\/taoyingyang.fr\/index.php\/le-feng-shui-chez-vous\/","url":"https:\/\/taoyingyang.fr\/index.php\/le-feng-shui-chez-vous\/","name":"Le Feng Shui chez vous - TAOYINYANG","isPartOf":{"@id":"https:\/\/taoyingyang.fr\/#website"},"datePublished":"2024-05-03T14:50:43+00:00","dateModified":"2024-08-23T09:19:05+00:00","description":"Le Feng Shui chez vous : une analyse de votre logement pour se sentir bien et mettre les chances de son c\u00f4t\u00e9 dans tous les domaines de sa vie","breadcrumb":{"@id":"https:\/\/taoyingyang.fr\/index.php\/le-feng-shui-chez-vous\/#breadcrumb"},"inLanguage":"fr-FR","potentialAction":[{"@type":"ReadAction","target":["https:\/\/taoyingyang.fr\/index.php\/le-feng-shui-chez-vous\/"]}]},{"@type":"BreadcrumbList","@id":"https:\/\/taoyingyang.fr\/index.php\/le-feng-shui-chez-vous\/#breadcrumb","itemListElement":[{"@type":"ListItem","position":1,"name":"Accueil","item":"https:\/\/taoyingyang.fr\/"},{"@type":"ListItem","position":2,"name":"Le Feng Shui chez vous"}]},{"@type":"WebSite","@id":"https:\/\/taoyingyang.fr\/#website","url":"https:\/\/taoyingyang.fr\/","name":"taoyingyang.fr","description":"Un art de vivre, le Feng Shui","publisher":{"@id":"https:\/\/taoyingyang.fr\/#\/schema\/person\/ab079bb0ea4b540fc81ba1c6d5725c14"},"potentialAction":[{"@type":"SearchAction","target":{"@type":"EntryPoint","urlTemplate":"https:\/\/taoyingyang.fr\/?s={search_term_string}"},"query-input":{"@type":"PropertyValueSpecification","valueRequired":true,"valueName":"search_term_string"}}],"inLanguage":"fr-FR"},{"@type":["Person","Organization"],"@id":"https:\/\/taoyingyang.fr\/#\/schema\/person\/ab079bb0ea4b540fc81ba1c6d5725c14","name":"taoyingyang.fr","image":{"@type":"ImageObject","inLanguage":"fr-FR","@id":"https:\/\/taoyingyang.fr\/wp-content\/uploads\/2024\/03\/logo-feng-shui-fond-blanc-1.jpg","url":"https:\/\/taoyingyang.fr\/wp-content\/uploads\/2024\/03\/logo-feng-shui-fond-blanc-1.jpg","contentUrl":"https:\/\/taoyingyang.fr\/wp-content\/uploads\/2024\/03\/logo-feng-shui-fond-blanc-1.jpg","width":997,"height":1348,"caption":"taoyingyang.fr"},"logo":{"@id":"https:\/\/taoyingyang.fr\/wp-content\/uploads\/2024\/03\/logo-feng-shui-fond-blanc-1.jpg"},"description":"N\u00e9e sur les bords de la Cot\u00e9 d'Emeraude, bretonne dans l'\u00e2me, comptable de formation et form\u00e9e en tant que peintre en d\u00e9cors, j'ai souhait\u00e9e explorer des domaines plus spirituellement pour mon d\u00e9veloppement personnel ; ainsi, je suis devenue progressivement num\u00e9rologue, lithoth\u00e9rapeute, de tous ces savoir-faire, j'ai cr\u00e9\u00e9 l'ArtNum\u00e9roTh\u00e9rapie qui associe la peinture et la num\u00e9rologie ; je r\u00e9alise \u00e9galement des peintures tr\u00e8s personnalis\u00e9es pour vous. Je me suis \u00e9galement int\u00e9ress\u00e9e au Feng Shui traditionnel, discipline chinoise permettant une qualit\u00e9 de vie certaine. Je vous propose des ateliers, des consultations et des formations en num\u00e9rologie, lithoth\u00e9rapie, Artnum\u00e9roth\u00e9rapie et en Feng Shui Traditionnel. Tous ces outils d'\u00e9volution personnelle s'adressent aux particuliers comme aux entreprises.","sameAs":["http:\/\/taoyingyang.fr","https:\/\/www.facebook.com\/embzh","https:\/\/www.instagram.com\/edith.mary.50\/"]}]}},"jetpack_sharing_enabled":true,"_links":{"self":[{"href":"https:\/\/taoyingyang.fr\/index.php\/wp-json\/wp\/v2\/pages\/144","targetHints":{"allow":["GET"]}}],"collection":[{"href":"https:\/\/taoyingyang.fr\/index.php\/wp-json\/wp\/v2\/pages"}],"about":[{"href":"https:\/\/taoyingyang.fr\/index.php\/wp-json\/wp\/v2\/types\/page"}],"author":[{"embeddable":true,"href":"https:\/\/taoyingyang.fr\/index.php\/wp-json\/wp\/v2\/users\/1"}],"replies":[{"embeddable":true,"href":"https:\/\/taoyingyang.fr\/index.php\/wp-json\/wp\/v2\/comments?post=144"}],"version-history":[{"count":89,"href":"https:\/\/taoyingyang.fr\/index.php\/wp-json\/wp\/v2\/pages\/144\/revisions"}],"predecessor-version":[{"id":1324,"href":"https:\/\/taoyingyang.fr\/index.php\/wp-json\/wp\/v2\/pages\/144\/revisions\/1324"}],"wp:attachment":[{"href":"https:\/\/taoyingyang.fr\/index.php\/wp-json\/wp\/v2\/media?parent=144"}],"curies":[{"name":"wp","href":"https:\/\/api.w.org\/{rel}","templated":true}]}}