{"id":162,"date":"2024-05-03T17:19:37","date_gmt":"2024-05-03T15:19:37","guid":{"rendered":"https:\/\/taoyingyang.fr\/?page_id=162"},"modified":"2024-05-03T17:20:12","modified_gmt":"2024-05-03T15:20:12","slug":"plan-du-site","status":"publish","type":"page","link":"https:\/\/taoyingyang.fr\/index.php\/plan-du-site\/","title":{"rendered":"Plan du site"},"content":{"rendered":"<div class=\"wpb-content-wrapper\">[vc_row][vc_column][vc_column_text]<div class=\"wsp-container\"><h2 class=\"wsp-pages-title\">Pages<\/h2>\n<ul class=\"wsp-pages-list\">\n<li class=\"page_item page-item-136\"><a href=\"https:\/\/taoyingyang.fr\/index.php\/initiation-au-feng-shui\/\">Initiation Feng Shui<\/a><\/li>\n<li class=\"page_item page-item-516\"><a href=\"https:\/\/taoyingyang.fr\/index.php\/le-ba-gua-les-8-trigrammes\/\">le Ba Gua<\/a><\/li>\n<li class=\"page_item page-item-144\"><a href=\"https:\/\/taoyingyang.fr\/index.php\/le-feng-shui-chez-vous\/\">Le Feng Shui chez vous<\/a><\/li>\n<li class=\"page_item page-item-1060\"><a href=\"https:\/\/taoyingyang.fr\/index.php\/le-feng-shui-pour-les-entreprises\/\">Le Feng Shui pour les entreprises<\/a><\/li>\n<li class=\"page_item page-item-858\"><a href=\"https:\/\/taoyingyang.fr\/index.php\/le-feng-shui-pour-les-particuliers\/\">Le Feng Shui pour les particuliers<\/a><\/li>\n<li class=\"page_item page-item-431\"><a href=\"https:\/\/taoyingyang.fr\/index.php\/le-feng-shui-traditionnel\/\">Le Feng Shui Traditionnel : un savoir ancestral chinois<\/a><\/li>\n<li class=\"page_item page-item-549\"><a href=\"https:\/\/taoyingyang.fr\/index.php\/les-animaux-celestes\/\">Les animaux c\u00e9lestes<\/a><\/li>\n<li class=\"page_item page-item-1158\"><a href=\"https:\/\/taoyingyang.fr\/index.php\/les-cinq-elements-wu-xing\/\">Les cinq \u00e9l\u00e9ments : Wu Xing<\/a><\/li>\n<li class=\"page_item page-item-140\"><a href=\"https:\/\/taoyingyang.fr\/index.php\/contacts\/\">Me contacter<\/a><\/li>\n<li class=\"page_item page-item-158\"><a href=\"https:\/\/taoyingyang.fr\/index.php\/mentions-legales\/\">Mentions l\u00e9gales<\/a><\/li>\n<li class=\"page_item page-item-115\"><a href=\"https:\/\/taoyingyang.fr\/index.php\/qui-suis-je\/\">Mon histoire<\/a><\/li>\n<li class=\"page_item page-item-162\"><a href=\"https:\/\/taoyingyang.fr\/index.php\/plan-du-site\/\">Plan du site<\/a><\/li>\n<li class=\"page_item page-item-153\"><a href=\"https:\/\/taoyingyang.fr\/index.php\/politique-de-confidentialite\/\">Politique de confidentialit\u00e9<\/a><\/li>\n<li class=\"page_item page-item-194\"><a href=\"https:\/\/taoyingyang.fr\/index.php\/la-selection-de-dates\/\">S\u00e9lection de dates<\/a><\/li>\n<li class=\"page_item page-item-118\"><a href=\"https:\/\/taoyingyang.fr\/\">TAOYINYANG Feng Shui<\/a><\/li>\n<\/ul>\n<h2 class=\"wsp-posts-title\">Articles par cat\u00e9gorie<\/h2>\n<ul class=\"wsp-posts-list\">\n\t<li><strong class=\"wsp-category-title\">Cat\u00e9gorie\u00a0: <a href=\"https:\/\/taoyingyang.fr\/index.php\/category\/blog\/\">Blog<\/a><\/strong>\n<ul class=\"wsp-posts-list\">\t\t<li class=\"wsp-post\"><a href=\"https:\/\/taoyingyang.fr\/index.php\/2024\/08\/08\/les-cinq-elements\/\">Les cinq \u00e9l\u00e9ments<\/a><\/li>\n\t\t<li class=\"wsp-post\"><a href=\"https:\/\/taoyingyang.fr\/index.php\/2024\/02\/21\/bonjour-tout-le-monde\/\">Bonjour tout le monde\u00a0!<\/a><\/li>\n<\/ul><\/li>\n<\/ul>\n<\/div>[\/vc_column_text][\/vc_column][\/vc_row]\n<\/div>","protected":false},"excerpt":{"rendered":"<p>[vc_row][vc_column][vc_column_text][\/vc_column_text][\/vc_column][\/vc_row]<\/p>\n","protected":false},"author":1,"featured_media":0,"parent":0,"menu_order":0,"comment_status":"closed","ping_status":"closed","template":"","meta":{"kt_blocks_editor_width":"","footnotes":""},"class_list":["post-162","page","type-page","status-publish","hentry"],"yoast_head":"<!-- This site is optimized with the Yoast SEO plugin v27.4 - https:\/\/yoast.com\/product\/yoast-seo-wordpress\/ -->\n<title>Plan du site - TAOYINYANG<\/title>\n<meta name=\"robots\" content=\"index, follow, max-snippet:-1, max-image-preview:large, max-video-preview:-1\" \/>\n<link rel=\"canonical\" href=\"https:\/\/taoyingyang.fr\/index.php\/plan-du-site\/\" \/>\n<meta property=\"og:locale\" content=\"fr_FR\" \/>\n<meta property=\"og:type\" content=\"article\" \/>\n<meta property=\"og:title\" content=\"Plan du site - TAOYINYANG\" \/>\n<meta property=\"og:description\" content=\"[vc_row][vc_column][vc_column_text][\/vc_column_text][\/vc_column][\/vc_row]\" \/>\n<meta property=\"og:url\" content=\"https:\/\/taoyingyang.fr\/index.php\/plan-du-site\/\" \/>\n<meta property=\"og:site_name\" content=\"TAOYINYANG\" \/>\n<meta property=\"article:publisher\" content=\"https:\/\/www.facebook.com\/embzh\" \/>\n<meta property=\"article:modified_time\" content=\"2024-05-03T15:20:12+00:00\" \/>\n<meta name=\"twitter:card\" content=\"summary_large_image\" \/>\n<meta name=\"twitter:label1\" content=\"Dur\u00e9e de lecture estim\u00e9e\" \/>\n\t<meta name=\"twitter:data1\" content=\"1 minute\" \/>\n<script type=\"application\/ld+json\" class=\"yoast-schema-graph\">{\"@context\":\"https:\\\/\\\/schema.org\",\"@graph\":[{\"@type\":\"WebPage\",\"@id\":\"https:\\\/\\\/taoyingyang.fr\\\/index.php\\\/plan-du-site\\\/\",\"url\":\"https:\\\/\\\/taoyingyang.fr\\\/index.php\\\/plan-du-site\\\/\",\"name\":\"Plan du site - TAOYINYANG\",\"isPartOf\":{\"@id\":\"https:\\\/\\\/taoyingyang.fr\\\/#website\"},\"datePublished\":\"2024-05-03T15:19:37+00:00\",\"dateModified\":\"2024-05-03T15:20:12+00:00\",\"breadcrumb\":{\"@id\":\"https:\\\/\\\/taoyingyang.fr\\\/index.php\\\/plan-du-site\\\/#breadcrumb\"},\"inLanguage\":\"fr-FR\",\"potentialAction\":[{\"@type\":\"ReadAction\",\"target\":[\"https:\\\/\\\/taoyingyang.fr\\\/index.php\\\/plan-du-site\\\/\"]}]},{\"@type\":\"BreadcrumbList\",\"@id\":\"https:\\\/\\\/taoyingyang.fr\\\/index.php\\\/plan-du-site\\\/#breadcrumb\",\"itemListElement\":[{\"@type\":\"ListItem\",\"position\":1,\"name\":\"Accueil\",\"item\":\"https:\\\/\\\/taoyingyang.fr\\\/\"},{\"@type\":\"ListItem\",\"position\":2,\"name\":\"Plan du site\"}]},{\"@type\":\"WebSite\",\"@id\":\"https:\\\/\\\/taoyingyang.fr\\\/#website\",\"url\":\"https:\\\/\\\/taoyingyang.fr\\\/\",\"name\":\"taoyingyang.fr\",\"description\":\"Un art de vivre, le Feng Shui\",\"publisher\":{\"@id\":\"https:\\\/\\\/taoyingyang.fr\\\/#\\\/schema\\\/person\\\/ab079bb0ea4b540fc81ba1c6d5725c14\"},\"potentialAction\":[{\"@type\":\"SearchAction\",\"target\":{\"@type\":\"EntryPoint\",\"urlTemplate\":\"https:\\\/\\\/taoyingyang.fr\\\/?s={search_term_string}\"},\"query-input\":{\"@type\":\"PropertyValueSpecification\",\"valueRequired\":true,\"valueName\":\"search_term_string\"}}],\"inLanguage\":\"fr-FR\"},{\"@type\":[\"Person\",\"Organization\"],\"@id\":\"https:\\\/\\\/taoyingyang.fr\\\/#\\\/schema\\\/person\\\/ab079bb0ea4b540fc81ba1c6d5725c14\",\"name\":\"taoyingyang.fr\",\"image\":{\"@type\":\"ImageObject\",\"inLanguage\":\"fr-FR\",\"@id\":\"https:\\\/\\\/taoyingyang.fr\\\/wp-content\\\/uploads\\\/2024\\\/03\\\/logo-feng-shui-fond-blanc-1.jpg\",\"url\":\"https:\\\/\\\/taoyingyang.fr\\\/wp-content\\\/uploads\\\/2024\\\/03\\\/logo-feng-shui-fond-blanc-1.jpg\",\"contentUrl\":\"https:\\\/\\\/taoyingyang.fr\\\/wp-content\\\/uploads\\\/2024\\\/03\\\/logo-feng-shui-fond-blanc-1.jpg\",\"width\":997,\"height\":1348,\"caption\":\"taoyingyang.fr\"},\"logo\":{\"@id\":\"https:\\\/\\\/taoyingyang.fr\\\/wp-content\\\/uploads\\\/2024\\\/03\\\/logo-feng-shui-fond-blanc-1.jpg\"},\"description\":\"N\u00e9e sur les bords de la Cot\u00e9 d'Emeraude, bretonne dans l'\u00e2me, comptable de formation et form\u00e9e en tant que peintre en d\u00e9cors, j'ai souhait\u00e9e explorer des domaines plus spirituellement pour mon d\u00e9veloppement personnel ; ainsi, je suis devenue progressivement num\u00e9rologue, lithoth\u00e9rapeute, de tous ces savoir-faire, j'ai cr\u00e9\u00e9 l'ArtNum\u00e9roTh\u00e9rapie qui associe la peinture et la num\u00e9rologie ; je r\u00e9alise \u00e9galement des peintures tr\u00e8s personnalis\u00e9es pour vous. Je me suis \u00e9galement int\u00e9ress\u00e9e au Feng Shui traditionnel, discipline chinoise permettant une qualit\u00e9 de vie certaine. Je vous propose des ateliers, des consultations et des formations en num\u00e9rologie, lithoth\u00e9rapie, Artnum\u00e9roth\u00e9rapie et en Feng Shui Traditionnel. Tous ces outils d'\u00e9volution personnelle s'adressent aux particuliers comme aux entreprises.\",\"sameAs\":[\"http:\\\/\\\/taoyingyang.fr\",\"https:\\\/\\\/www.facebook.com\\\/embzh\",\"https:\\\/\\\/www.instagram.com\\\/edith.mary.50\\\/\"]}]}<\/script>\n<!-- \/ Yoast SEO plugin. -->","yoast_head_json":{"title":"Plan du site - TAOYINYANG","robots":{"index":"index","follow":"follow","max-snippet":"max-snippet:-1","max-image-preview":"max-image-preview:large","max-video-preview":"max-video-preview:-1"},"canonical":"https:\/\/taoyingyang.fr\/index.php\/plan-du-site\/","og_locale":"fr_FR","og_type":"article","og_title":"Plan du site - TAOYINYANG","og_description":"[vc_row][vc_column][vc_column_text][\/vc_column_text][\/vc_column][\/vc_row]","og_url":"https:\/\/taoyingyang.fr\/index.php\/plan-du-site\/","og_site_name":"TAOYINYANG","article_publisher":"https:\/\/www.facebook.com\/embzh","article_modified_time":"2024-05-03T15:20:12+00:00","twitter_card":"summary_large_image","twitter_misc":{"Dur\u00e9e de lecture estim\u00e9e":"1 minute"},"schema":{"@context":"https:\/\/schema.org","@graph":[{"@type":"WebPage","@id":"https:\/\/taoyingyang.fr\/index.php\/plan-du-site\/","url":"https:\/\/taoyingyang.fr\/index.php\/plan-du-site\/","name":"Plan du site - TAOYINYANG","isPartOf":{"@id":"https:\/\/taoyingyang.fr\/#website"},"datePublished":"2024-05-03T15:19:37+00:00","dateModified":"2024-05-03T15:20:12+00:00","breadcrumb":{"@id":"https:\/\/taoyingyang.fr\/index.php\/plan-du-site\/#breadcrumb"},"inLanguage":"fr-FR","potentialAction":[{"@type":"ReadAction","target":["https:\/\/taoyingyang.fr\/index.php\/plan-du-site\/"]}]},{"@type":"BreadcrumbList","@id":"https:\/\/taoyingyang.fr\/index.php\/plan-du-site\/#breadcrumb","itemListElement":[{"@type":"ListItem","position":1,"name":"Accueil","item":"https:\/\/taoyingyang.fr\/"},{"@type":"ListItem","position":2,"name":"Plan du site"}]},{"@type":"WebSite","@id":"https:\/\/taoyingyang.fr\/#website","url":"https:\/\/taoyingyang.fr\/","name":"taoyingyang.fr","description":"Un art de vivre, le Feng Shui","publisher":{"@id":"https:\/\/taoyingyang.fr\/#\/schema\/person\/ab079bb0ea4b540fc81ba1c6d5725c14"},"potentialAction":[{"@type":"SearchAction","target":{"@type":"EntryPoint","urlTemplate":"https:\/\/taoyingyang.fr\/?s={search_term_string}"},"query-input":{"@type":"PropertyValueSpecification","valueRequired":true,"valueName":"search_term_string"}}],"inLanguage":"fr-FR"},{"@type":["Person","Organization"],"@id":"https:\/\/taoyingyang.fr\/#\/schema\/person\/ab079bb0ea4b540fc81ba1c6d5725c14","name":"taoyingyang.fr","image":{"@type":"ImageObject","inLanguage":"fr-FR","@id":"https:\/\/taoyingyang.fr\/wp-content\/uploads\/2024\/03\/logo-feng-shui-fond-blanc-1.jpg","url":"https:\/\/taoyingyang.fr\/wp-content\/uploads\/2024\/03\/logo-feng-shui-fond-blanc-1.jpg","contentUrl":"https:\/\/taoyingyang.fr\/wp-content\/uploads\/2024\/03\/logo-feng-shui-fond-blanc-1.jpg","width":997,"height":1348,"caption":"taoyingyang.fr"},"logo":{"@id":"https:\/\/taoyingyang.fr\/wp-content\/uploads\/2024\/03\/logo-feng-shui-fond-blanc-1.jpg"},"description":"N\u00e9e sur les bords de la Cot\u00e9 d'Emeraude, bretonne dans l'\u00e2me, comptable de formation et form\u00e9e en tant que peintre en d\u00e9cors, j'ai souhait\u00e9e explorer des domaines plus spirituellement pour mon d\u00e9veloppement personnel ; ainsi, je suis devenue progressivement num\u00e9rologue, lithoth\u00e9rapeute, de tous ces savoir-faire, j'ai cr\u00e9\u00e9 l'ArtNum\u00e9roTh\u00e9rapie qui associe la peinture et la num\u00e9rologie ; je r\u00e9alise \u00e9galement des peintures tr\u00e8s personnalis\u00e9es pour vous. Je me suis \u00e9galement int\u00e9ress\u00e9e au Feng Shui traditionnel, discipline chinoise permettant une qualit\u00e9 de vie certaine. Je vous propose des ateliers, des consultations et des formations en num\u00e9rologie, lithoth\u00e9rapie, Artnum\u00e9roth\u00e9rapie et en Feng Shui Traditionnel. Tous ces outils d'\u00e9volution personnelle s'adressent aux particuliers comme aux entreprises.","sameAs":["http:\/\/taoyingyang.fr","https:\/\/www.facebook.com\/embzh","https:\/\/www.instagram.com\/edith.mary.50\/"]}]}},"jetpack_sharing_enabled":true,"_links":{"self":[{"href":"https:\/\/taoyingyang.fr\/index.php\/wp-json\/wp\/v2\/pages\/162","targetHints":{"allow":["GET"]}}],"collection":[{"href":"https:\/\/taoyingyang.fr\/index.php\/wp-json\/wp\/v2\/pages"}],"about":[{"href":"https:\/\/taoyingyang.fr\/index.php\/wp-json\/wp\/v2\/types\/page"}],"author":[{"embeddable":true,"href":"https:\/\/taoyingyang.fr\/index.php\/wp-json\/wp\/v2\/users\/1"}],"replies":[{"embeddable":true,"href":"https:\/\/taoyingyang.fr\/index.php\/wp-json\/wp\/v2\/comments?post=162"}],"version-history":[{"count":1,"href":"https:\/\/taoyingyang.fr\/index.php\/wp-json\/wp\/v2\/pages\/162\/revisions"}],"predecessor-version":[{"id":164,"href":"https:\/\/taoyingyang.fr\/index.php\/wp-json\/wp\/v2\/pages\/162\/revisions\/164"}],"wp:attachment":[{"href":"https:\/\/taoyingyang.fr\/index.php\/wp-json\/wp\/v2\/media?parent=162"}],"curies":[{"name":"wp","href":"https:\/\/api.w.org\/{rel}","templated":true}]}}