{"id":194,"date":"2024-05-24T18:30:17","date_gmt":"2024-05-24T16:30:17","guid":{"rendered":"https:\/\/taoyingyang.fr\/?page_id=194"},"modified":"2024-08-27T19:52:07","modified_gmt":"2024-08-27T17:52:07","slug":"la-selection-de-dates","status":"publish","type":"page","link":"https:\/\/taoyingyang.fr\/index.php\/la-selection-de-dates\/","title":{"rendered":"S\u00e9lection de dates"},"content":{"rendered":"<div class=\"wpb-content-wrapper\">[vc_row content_placement=\u00a0\u00bbmiddle\u00a0\u00bb][vc_column css=\u00a0\u00bb.vc_custom_1724775453061{margin-right: 0px !important;margin-left: 0px !important;}\u00a0\u00bb][vc_column_text css=\u00a0\u00bb\u00a0\u00bb]\n<h2 style=\"text-align: center;\">La s\u00e9lection de dates<\/h2>\n[\/vc_column_text][vc_single_image image=\u00a0\u00bb1279&Prime; img_size=\u00a0\u00bblarge\u00a0\u00bb alignment=\u00a0\u00bbcenter\u00a0\u00bb style=\u00a0\u00bbvc_box_outline\u00a0\u00bb border_color=\u00a0\u00bbpurple\u00a0\u00bb css=\u00a0\u00bb\u00a0\u00bb][\/vc_column][\/vc_row][vc_row gap=\u00a0\u00bb20&Prime;][vc_column width=\u00a0\u00bb1\/4&Prime; css=\u00a0\u00bb.vc_custom_1724774711986{margin-right: 0px !important;margin-left: 0px !important;}\u00a0\u00bb offset=\u00a0\u00bbvc_col-xs-12&Prime;][vc_single_image image=\u00a0\u00bb683&Prime; img_size=\u00a0\u00bblarge\u00a0\u00bb css=\u00a0\u00bb\u00a0\u00bb][\/vc_column][vc_column width=\u00a0\u00bb1\/4&Prime;][vc_single_image image=\u00a0\u00bb672&Prime; img_size=\u00a0\u00bblarge\u00a0\u00bb css=\u00a0\u00bb\u00a0\u00bb][\/vc_column][vc_column width=\u00a0\u00bb1\/4&Prime;][vc_single_image image=\u00a0\u00bb670&Prime; img_size=\u00a0\u00bblarge\u00a0\u00bb css=\u00a0\u00bb\u00a0\u00bb][\/vc_column][vc_column width=\u00a0\u00bb1\/4&Prime;][vc_single_image image=\u00a0\u00bb669&Prime; img_size=\u00a0\u00bblarge\u00a0\u00bb css=\u00a0\u00bb\u00a0\u00bb][\/vc_column][\/vc_row][vc_row][vc_column css=\u00a0\u00bb.vc_custom_1723298763743{margin-right: 300px !important;margin-left: 300px !important;}\u00a0\u00bb][vc_empty_space height=\u00a0\u00bb64px\u00a0\u00bb][\/vc_column][\/vc_row][vc_row css=\u00a0\u00bb.vc_custom_1724773972189{margin-right: 0px !important;margin-left: 0px !important;}\u00a0\u00bb][vc_column width=\u00a0\u00bb2\/3&Prime;][vc_custom_heading text=\u00a0\u00bbUne notion tr\u00e8s importante en Feng Shui Traditionnelle : le Temps\u00a0\u00bb font_container=\u00a0\u00bbtag:h3|text_align:center\u00a0\u00bb use_theme_fonts=\u00a0\u00bbyes\u00a0\u00bb css=\u00a0\u00bb\u00a0\u00bb][vc_column_text css=\u00a0\u00bb\u00a0\u00bb]Pour les Chinois, la s\u00e9lection de dates, pour un \u00e9v\u00e9nement ou des travaux, permet de mettre toutes les chances de son c\u00f4t\u00e9.<\/p>\n<p>Le temps est une \u00e9nergie qui nous influence, et, choisir en conscience le moment id\u00e9al pour une action, assure un r\u00e9sultat positif.<\/p>\n<p>La notion temporelle \u00e9tant tr\u00e8s pr\u00e9sente en<a href=\"https:\/\/taoyingyang.fr\/index.php\/le-feng-shui-traditionnel\/\"> Feng Shui Traditionnel,<\/a> cette m\u00e9thode de s\u00e9lection de dates est donc indissociable de celui-ci.<\/p>\n<p>Elles reposent sur l&rsquo;union favorable de deux \u00e9nergies de la Trinit\u00e9 cosmique, \u00e0 savoir le Qi du Ciel, et le Qi de la Terre. D\u00e9terminer, selon le calendrier solaire, un jour et une heure pour un \u00e9v\u00e8nement ou des travaux, comme le font les Chinois, implique la pr\u00e9sence d&rsquo;un bon Qi.<\/p>\n<p>Le calcul se fait \u00e0 partir de la date de naissance des personnes en lien avec la situation.[\/vc_column_text][vc_custom_heading text=\u00a0\u00bbPourquoi s\u00e9lectionner une date ?\u00a0\u00bb font_container=\u00a0\u00bbtag:h3|text_align:left\u00a0\u00bb use_theme_fonts=\u00a0\u00bbyes\u00a0\u00bb css=\u00a0\u00bb\u00a0\u00bb][vc_column_text css=\u00a0\u00bb\u00a0\u00bb]Choisir une date pour :<\/p>\n<ul>\n<li style=\"list-style-type: none;\">\n<ul>\n<li style=\"list-style-type: none;\">\n<ul>\n<li>des travaux de construction ou de r\u00e9novation,<\/li>\n<li>un nouveau projet,<\/li>\n<li>un contrat,<\/li>\n<li>une transaction immobili\u00e8re<\/li>\n<li>un rendez-vous important,<\/li>\n<li>un examen ,<\/li>\n<li>une date de mariage,<\/li>\n<li>un d\u00e9m\u00e9nagement ,<\/li>\n<li>des vacances,<\/li>\n<li>ou tout autre \u00e9v\u00e9nement important.<\/li>\n<\/ul>\n<\/li>\n<\/ul>\n<\/li>\n<\/ul>\n[\/vc_column_text][\/vc_column][vc_column width=\u00a0\u00bb1\/3&Prime;][vc_row_inner][vc_column_inner][vc_single_image image=\u00a0\u00bb702&Prime; img_size=\u00a0\u00bblarge\u00a0\u00bb style=\u00a0\u00bbvc_box_rounded\u00a0\u00bb css=\u00a0\u00bb\u00a0\u00bb][\/vc_column_inner][\/vc_row_inner][vc_row_inner][vc_column_inner][vc_single_image image=\u00a0\u00bb696&Prime; img_size=\u00a0\u00bblarge\u00a0\u00bb style=\u00a0\u00bbvc_box_rounded\u00a0\u00bb css=\u00a0\u00bb\u00a0\u00bb][\/vc_column_inner][\/vc_row_inner][vc_separator][\/vc_column][\/vc_row][vc_row content_placement=\u00a0\u00bbmiddle\u00a0\u00bb][vc_column css=\u00a0\u00bb.vc_custom_1724781125015{margin-right: px !important;margin-left: 0px !important;}\u00a0\u00bb][vc_custom_heading text=\u00a0\u00bbCette initiation vous int\u00e9resse et vous souhaitez plus d&rsquo;informations,<br \/>\nContactez-moi\u00a0\u00bb font_container=\u00a0\u00bbtag:h3|font_size:25|text_align:center|color:%23ffffff\u00a0\u00bb google_fonts=\u00a0\u00bbfont_family:Junge%3Aregular|font_style:400%20regular%3A400%3Anormal\u00a0\u00bb css=\u00a0\u00bb.vc_custom_1724781038342{background-image: url(https:\/\/taoyingyang.fr\/wp-content\/uploads\/2024\/08\/bonzai.jpg?id=647) !important;}\u00a0\u00bb link=\u00a0\u00bburl:https%3A%2F%2Ftaoyingyang.fr%2Findex.php%2Fcontacts%2F|title:Me%20contacter\u00a0\u00bb][\/vc_column][\/vc_row]\n<\/div>","protected":false},"excerpt":{"rendered":"<p>[vc_row content_placement=\u00a0\u00bbmiddle\u00a0\u00bb][vc_column css=\u00a0\u00bb.vc_custom_1724775453061{margin-right: 0px !important;margin-left: 0px !important;}\u00a0\u00bb][vc_column_text css=\u00a0\u00bb\u00a0\u00bb] La s\u00e9lection de dates [\/vc_column_text][vc_single_image image=\u00a0\u00bb1279&Prime; img_size=\u00a0\u00bblarge\u00a0\u00bb alignment=\u00a0\u00bbcenter\u00a0\u00bb style=\u00a0\u00bbvc_box_outline\u00a0\u00bb border_color=\u00a0\u00bbpurple\u00a0\u00bb css=\u00a0\u00bb\u00a0\u00bb][\/vc_column][\/vc_row][vc_row gap=\u00a0\u00bb20&Prime;][vc_column width=\u00a0\u00bb1\/4&Prime; css=\u00a0\u00bb.vc_custom_1724774711986{margin-right: 0px !important;margin-left: 0px !important;}\u00a0\u00bb offset=\u00a0\u00bbvc_col-xs-12&Prime;][vc_single_image image=\u00a0\u00bb683&Prime; img_size=\u00a0\u00bblarge\u00a0\u00bb css=\u00a0\u00bb\u00a0\u00bb][\/vc_column][vc_column width=\u00a0\u00bb1\/4&Prime;][vc_single_image image=\u00a0\u00bb672&Prime; img_size=\u00a0\u00bblarge\u00a0\u00bb css=\u00a0\u00bb\u00a0\u00bb][\/vc_column][vc_column width=\u00a0\u00bb1\/4&Prime;][vc_single_image image=\u00a0\u00bb670&Prime; img_size=\u00a0\u00bblarge\u00a0\u00bb css=\u00a0\u00bb\u00a0\u00bb][\/vc_column][vc_column width=\u00a0\u00bb1\/4&Prime;][vc_single_image image=\u00a0\u00bb669&Prime; &hellip; <a href=\"https:\/\/taoyingyang.fr\/index.php\/la-selection-de-dates\/\">Lire la suite\u00ad\u00ad<\/a><\/p>\n","protected":false},"author":1,"featured_media":647,"parent":0,"menu_order":0,"comment_status":"closed","ping_status":"closed","template":"","meta":{"kt_blocks_editor_width":"","footnotes":""},"class_list":["post-194","page","type-page","status-publish","has-post-thumbnail","hentry"],"yoast_head":"<!-- This site is optimized with the Yoast SEO plugin v27.4 - https:\/\/yoast.com\/product\/yoast-seo-wordpress\/ -->\n<title>S\u00e9lection de dates - TAOYINYANG<\/title>\n<meta name=\"description\" content=\"La s\u00e9lection de dates en Feng Shui pour un \u00e9v\u00e8nement ou des travaux est tr\u00e8s importante pour les Chinois : c&#039;est mettre la chance de son c\u00f4t\u00e9\" \/>\n<meta name=\"robots\" content=\"index, follow, max-snippet:-1, max-image-preview:large, max-video-preview:-1\" \/>\n<link rel=\"canonical\" href=\"https:\/\/taoyingyang.fr\/index.php\/la-selection-de-dates\/\" \/>\n<meta property=\"og:locale\" content=\"fr_FR\" \/>\n<meta property=\"og:type\" content=\"article\" \/>\n<meta property=\"og:title\" content=\"S\u00e9lection de dates - TAOYINYANG\" \/>\n<meta property=\"og:description\" content=\"La s\u00e9lection de dates en Feng Shui pour un \u00e9v\u00e8nement ou des travaux est tr\u00e8s importante pour les Chinois : c&#039;est mettre la chance de son c\u00f4t\u00e9\" \/>\n<meta property=\"og:url\" content=\"https:\/\/taoyingyang.fr\/index.php\/la-selection-de-dates\/\" \/>\n<meta property=\"og:site_name\" content=\"TAOYINYANG\" \/>\n<meta property=\"article:publisher\" content=\"https:\/\/www.facebook.com\/embzh\" \/>\n<meta property=\"article:modified_time\" content=\"2024-08-27T17:52:07+00:00\" \/>\n<meta property=\"og:image\" content=\"https:\/\/taoyingyang.fr\/wp-content\/uploads\/2024\/08\/bonzai.jpg\" \/>\n\t<meta property=\"og:image:width\" content=\"1280\" \/>\n\t<meta property=\"og:image:height\" content=\"835\" \/>\n\t<meta property=\"og:image:type\" content=\"image\/jpeg\" \/>\n<meta name=\"twitter:card\" content=\"summary_large_image\" \/>\n<meta name=\"twitter:label1\" content=\"Dur\u00e9e de lecture estim\u00e9e\" \/>\n\t<meta name=\"twitter:data1\" content=\"2 minutes\" \/>\n<script type=\"application\/ld+json\" class=\"yoast-schema-graph\">{\"@context\":\"https:\\\/\\\/schema.org\",\"@graph\":[{\"@type\":\"WebPage\",\"@id\":\"https:\\\/\\\/taoyingyang.fr\\\/index.php\\\/la-selection-de-dates\\\/\",\"url\":\"https:\\\/\\\/taoyingyang.fr\\\/index.php\\\/la-selection-de-dates\\\/\",\"name\":\"S\u00e9lection de dates - TAOYINYANG\",\"isPartOf\":{\"@id\":\"https:\\\/\\\/taoyingyang.fr\\\/#website\"},\"primaryImageOfPage\":{\"@id\":\"https:\\\/\\\/taoyingyang.fr\\\/index.php\\\/la-selection-de-dates\\\/#primaryimage\"},\"image\":{\"@id\":\"https:\\\/\\\/taoyingyang.fr\\\/index.php\\\/la-selection-de-dates\\\/#primaryimage\"},\"thumbnailUrl\":\"https:\\\/\\\/taoyingyang.fr\\\/wp-content\\\/uploads\\\/2024\\\/08\\\/bonzai.jpg\",\"datePublished\":\"2024-05-24T16:30:17+00:00\",\"dateModified\":\"2024-08-27T17:52:07+00:00\",\"description\":\"La s\u00e9lection de dates en Feng Shui pour un \u00e9v\u00e8nement ou des travaux est tr\u00e8s importante pour les Chinois : c'est mettre la chance de son c\u00f4t\u00e9\",\"breadcrumb\":{\"@id\":\"https:\\\/\\\/taoyingyang.fr\\\/index.php\\\/la-selection-de-dates\\\/#breadcrumb\"},\"inLanguage\":\"fr-FR\",\"potentialAction\":[{\"@type\":\"ReadAction\",\"target\":[\"https:\\\/\\\/taoyingyang.fr\\\/index.php\\\/la-selection-de-dates\\\/\"]}]},{\"@type\":\"ImageObject\",\"inLanguage\":\"fr-FR\",\"@id\":\"https:\\\/\\\/taoyingyang.fr\\\/index.php\\\/la-selection-de-dates\\\/#primaryimage\",\"url\":\"https:\\\/\\\/taoyingyang.fr\\\/wp-content\\\/uploads\\\/2024\\\/08\\\/bonzai.jpg\",\"contentUrl\":\"https:\\\/\\\/taoyingyang.fr\\\/wp-content\\\/uploads\\\/2024\\\/08\\\/bonzai.jpg\",\"width\":1280,\"height\":835,\"caption\":\"Bonza\u00ef\"},{\"@type\":\"BreadcrumbList\",\"@id\":\"https:\\\/\\\/taoyingyang.fr\\\/index.php\\\/la-selection-de-dates\\\/#breadcrumb\",\"itemListElement\":[{\"@type\":\"ListItem\",\"position\":1,\"name\":\"Accueil\",\"item\":\"https:\\\/\\\/taoyingyang.fr\\\/\"},{\"@type\":\"ListItem\",\"position\":2,\"name\":\"S\u00e9lection de dates\"}]},{\"@type\":\"WebSite\",\"@id\":\"https:\\\/\\\/taoyingyang.fr\\\/#website\",\"url\":\"https:\\\/\\\/taoyingyang.fr\\\/\",\"name\":\"taoyingyang.fr\",\"description\":\"Un art de vivre, le Feng Shui\",\"publisher\":{\"@id\":\"https:\\\/\\\/taoyingyang.fr\\\/#\\\/schema\\\/person\\\/ab079bb0ea4b540fc81ba1c6d5725c14\"},\"potentialAction\":[{\"@type\":\"SearchAction\",\"target\":{\"@type\":\"EntryPoint\",\"urlTemplate\":\"https:\\\/\\\/taoyingyang.fr\\\/?s={search_term_string}\"},\"query-input\":{\"@type\":\"PropertyValueSpecification\",\"valueRequired\":true,\"valueName\":\"search_term_string\"}}],\"inLanguage\":\"fr-FR\"},{\"@type\":[\"Person\",\"Organization\"],\"@id\":\"https:\\\/\\\/taoyingyang.fr\\\/#\\\/schema\\\/person\\\/ab079bb0ea4b540fc81ba1c6d5725c14\",\"name\":\"taoyingyang.fr\",\"image\":{\"@type\":\"ImageObject\",\"inLanguage\":\"fr-FR\",\"@id\":\"https:\\\/\\\/taoyingyang.fr\\\/wp-content\\\/uploads\\\/2024\\\/03\\\/logo-feng-shui-fond-blanc-1.jpg\",\"url\":\"https:\\\/\\\/taoyingyang.fr\\\/wp-content\\\/uploads\\\/2024\\\/03\\\/logo-feng-shui-fond-blanc-1.jpg\",\"contentUrl\":\"https:\\\/\\\/taoyingyang.fr\\\/wp-content\\\/uploads\\\/2024\\\/03\\\/logo-feng-shui-fond-blanc-1.jpg\",\"width\":997,\"height\":1348,\"caption\":\"taoyingyang.fr\"},\"logo\":{\"@id\":\"https:\\\/\\\/taoyingyang.fr\\\/wp-content\\\/uploads\\\/2024\\\/03\\\/logo-feng-shui-fond-blanc-1.jpg\"},\"description\":\"N\u00e9e sur les bords de la Cot\u00e9 d'Emeraude, bretonne dans l'\u00e2me, comptable de formation et form\u00e9e en tant que peintre en d\u00e9cors, j'ai souhait\u00e9e explorer des domaines plus spirituellement pour mon d\u00e9veloppement personnel ; ainsi, je suis devenue progressivement num\u00e9rologue, lithoth\u00e9rapeute, de tous ces savoir-faire, j'ai cr\u00e9\u00e9 l'ArtNum\u00e9roTh\u00e9rapie qui associe la peinture et la num\u00e9rologie ; je r\u00e9alise \u00e9galement des peintures tr\u00e8s personnalis\u00e9es pour vous. Je me suis \u00e9galement int\u00e9ress\u00e9e au Feng Shui traditionnel, discipline chinoise permettant une qualit\u00e9 de vie certaine. Je vous propose des ateliers, des consultations et des formations en num\u00e9rologie, lithoth\u00e9rapie, Artnum\u00e9roth\u00e9rapie et en Feng Shui Traditionnel. Tous ces outils d'\u00e9volution personnelle s'adressent aux particuliers comme aux entreprises.\",\"sameAs\":[\"http:\\\/\\\/taoyingyang.fr\",\"https:\\\/\\\/www.facebook.com\\\/embzh\",\"https:\\\/\\\/www.instagram.com\\\/edith.mary.50\\\/\"]}]}<\/script>\n<!-- \/ Yoast SEO plugin. -->","yoast_head_json":{"title":"S\u00e9lection de dates - TAOYINYANG","description":"La s\u00e9lection de dates en Feng Shui pour un \u00e9v\u00e8nement ou des travaux est tr\u00e8s importante pour les Chinois : c'est mettre la chance de son c\u00f4t\u00e9","robots":{"index":"index","follow":"follow","max-snippet":"max-snippet:-1","max-image-preview":"max-image-preview:large","max-video-preview":"max-video-preview:-1"},"canonical":"https:\/\/taoyingyang.fr\/index.php\/la-selection-de-dates\/","og_locale":"fr_FR","og_type":"article","og_title":"S\u00e9lection de dates - TAOYINYANG","og_description":"La s\u00e9lection de dates en Feng Shui pour un \u00e9v\u00e8nement ou des travaux est tr\u00e8s importante pour les Chinois : c'est mettre la chance de son c\u00f4t\u00e9","og_url":"https:\/\/taoyingyang.fr\/index.php\/la-selection-de-dates\/","og_site_name":"TAOYINYANG","article_publisher":"https:\/\/www.facebook.com\/embzh","article_modified_time":"2024-08-27T17:52:07+00:00","og_image":[{"width":1280,"height":835,"url":"https:\/\/taoyingyang.fr\/wp-content\/uploads\/2024\/08\/bonzai.jpg","type":"image\/jpeg"}],"twitter_card":"summary_large_image","twitter_misc":{"Dur\u00e9e de lecture estim\u00e9e":"2 minutes"},"schema":{"@context":"https:\/\/schema.org","@graph":[{"@type":"WebPage","@id":"https:\/\/taoyingyang.fr\/index.php\/la-selection-de-dates\/","url":"https:\/\/taoyingyang.fr\/index.php\/la-selection-de-dates\/","name":"S\u00e9lection de dates - TAOYINYANG","isPartOf":{"@id":"https:\/\/taoyingyang.fr\/#website"},"primaryImageOfPage":{"@id":"https:\/\/taoyingyang.fr\/index.php\/la-selection-de-dates\/#primaryimage"},"image":{"@id":"https:\/\/taoyingyang.fr\/index.php\/la-selection-de-dates\/#primaryimage"},"thumbnailUrl":"https:\/\/taoyingyang.fr\/wp-content\/uploads\/2024\/08\/bonzai.jpg","datePublished":"2024-05-24T16:30:17+00:00","dateModified":"2024-08-27T17:52:07+00:00","description":"La s\u00e9lection de dates en Feng Shui pour un \u00e9v\u00e8nement ou des travaux est tr\u00e8s importante pour les Chinois : c'est mettre la chance de son c\u00f4t\u00e9","breadcrumb":{"@id":"https:\/\/taoyingyang.fr\/index.php\/la-selection-de-dates\/#breadcrumb"},"inLanguage":"fr-FR","potentialAction":[{"@type":"ReadAction","target":["https:\/\/taoyingyang.fr\/index.php\/la-selection-de-dates\/"]}]},{"@type":"ImageObject","inLanguage":"fr-FR","@id":"https:\/\/taoyingyang.fr\/index.php\/la-selection-de-dates\/#primaryimage","url":"https:\/\/taoyingyang.fr\/wp-content\/uploads\/2024\/08\/bonzai.jpg","contentUrl":"https:\/\/taoyingyang.fr\/wp-content\/uploads\/2024\/08\/bonzai.jpg","width":1280,"height":835,"caption":"Bonza\u00ef"},{"@type":"BreadcrumbList","@id":"https:\/\/taoyingyang.fr\/index.php\/la-selection-de-dates\/#breadcrumb","itemListElement":[{"@type":"ListItem","position":1,"name":"Accueil","item":"https:\/\/taoyingyang.fr\/"},{"@type":"ListItem","position":2,"name":"S\u00e9lection de dates"}]},{"@type":"WebSite","@id":"https:\/\/taoyingyang.fr\/#website","url":"https:\/\/taoyingyang.fr\/","name":"taoyingyang.fr","description":"Un art de vivre, le Feng Shui","publisher":{"@id":"https:\/\/taoyingyang.fr\/#\/schema\/person\/ab079bb0ea4b540fc81ba1c6d5725c14"},"potentialAction":[{"@type":"SearchAction","target":{"@type":"EntryPoint","urlTemplate":"https:\/\/taoyingyang.fr\/?s={search_term_string}"},"query-input":{"@type":"PropertyValueSpecification","valueRequired":true,"valueName":"search_term_string"}}],"inLanguage":"fr-FR"},{"@type":["Person","Organization"],"@id":"https:\/\/taoyingyang.fr\/#\/schema\/person\/ab079bb0ea4b540fc81ba1c6d5725c14","name":"taoyingyang.fr","image":{"@type":"ImageObject","inLanguage":"fr-FR","@id":"https:\/\/taoyingyang.fr\/wp-content\/uploads\/2024\/03\/logo-feng-shui-fond-blanc-1.jpg","url":"https:\/\/taoyingyang.fr\/wp-content\/uploads\/2024\/03\/logo-feng-shui-fond-blanc-1.jpg","contentUrl":"https:\/\/taoyingyang.fr\/wp-content\/uploads\/2024\/03\/logo-feng-shui-fond-blanc-1.jpg","width":997,"height":1348,"caption":"taoyingyang.fr"},"logo":{"@id":"https:\/\/taoyingyang.fr\/wp-content\/uploads\/2024\/03\/logo-feng-shui-fond-blanc-1.jpg"},"description":"N\u00e9e sur les bords de la Cot\u00e9 d'Emeraude, bretonne dans l'\u00e2me, comptable de formation et form\u00e9e en tant que peintre en d\u00e9cors, j'ai souhait\u00e9e explorer des domaines plus spirituellement pour mon d\u00e9veloppement personnel ; ainsi, je suis devenue progressivement num\u00e9rologue, lithoth\u00e9rapeute, de tous ces savoir-faire, j'ai cr\u00e9\u00e9 l'ArtNum\u00e9roTh\u00e9rapie qui associe la peinture et la num\u00e9rologie ; je r\u00e9alise \u00e9galement des peintures tr\u00e8s personnalis\u00e9es pour vous. Je me suis \u00e9galement int\u00e9ress\u00e9e au Feng Shui traditionnel, discipline chinoise permettant une qualit\u00e9 de vie certaine. Je vous propose des ateliers, des consultations et des formations en num\u00e9rologie, lithoth\u00e9rapie, Artnum\u00e9roth\u00e9rapie et en Feng Shui Traditionnel. Tous ces outils d'\u00e9volution personnelle s'adressent aux particuliers comme aux entreprises.","sameAs":["http:\/\/taoyingyang.fr","https:\/\/www.facebook.com\/embzh","https:\/\/www.instagram.com\/edith.mary.50\/"]}]}},"jetpack_sharing_enabled":true,"_links":{"self":[{"href":"https:\/\/taoyingyang.fr\/index.php\/wp-json\/wp\/v2\/pages\/194","targetHints":{"allow":["GET"]}}],"collection":[{"href":"https:\/\/taoyingyang.fr\/index.php\/wp-json\/wp\/v2\/pages"}],"about":[{"href":"https:\/\/taoyingyang.fr\/index.php\/wp-json\/wp\/v2\/types\/page"}],"author":[{"embeddable":true,"href":"https:\/\/taoyingyang.fr\/index.php\/wp-json\/wp\/v2\/users\/1"}],"replies":[{"embeddable":true,"href":"https:\/\/taoyingyang.fr\/index.php\/wp-json\/wp\/v2\/comments?post=194"}],"version-history":[{"count":93,"href":"https:\/\/taoyingyang.fr\/index.php\/wp-json\/wp\/v2\/pages\/194\/revisions"}],"predecessor-version":[{"id":1391,"href":"https:\/\/taoyingyang.fr\/index.php\/wp-json\/wp\/v2\/pages\/194\/revisions\/1391"}],"wp:featuredmedia":[{"embeddable":true,"href":"https:\/\/taoyingyang.fr\/index.php\/wp-json\/wp\/v2\/media\/647"}],"wp:attachment":[{"href":"https:\/\/taoyingyang.fr\/index.php\/wp-json\/wp\/v2\/media?parent=194"}],"curies":[{"name":"wp","href":"https:\/\/api.w.org\/{rel}","templated":true}]}}