{"id":516,"date":"2024-08-08T13:39:14","date_gmt":"2024-08-08T11:39:14","guid":{"rendered":"https:\/\/taoyingyang.fr\/?page_id=516"},"modified":"2024-08-08T15:08:51","modified_gmt":"2024-08-08T13:08:51","slug":"le-ba-gua-les-8-trigrammes","status":"publish","type":"page","link":"https:\/\/taoyingyang.fr\/index.php\/le-ba-gua-les-8-trigrammes\/","title":{"rendered":"le Ba Gua"},"content":{"rendered":"<div class=\"wpb-content-wrapper\">[vc_row full_width=\u00a0\u00bbstretch_row_content\u00a0\u00bb gap=\u00a0\u00bb10&Prime; content_placement=\u00a0\u00bbmiddle\u00a0\u00bb][vc_column width=\u00a0\u00bb1\/4&Prime;][vc_single_image image=\u00a0\u00bb525&Prime; img_size=\u00a0\u00bbfull\u00a0\u00bb style=\u00a0\u00bbvc_box_rounded\u00a0\u00bb css=\u00a0\u00bb\u00a0\u00bb][\/vc_column][vc_column width=\u00a0\u00bb1\/2&Prime;][vc_custom_heading text=\u00a0\u00bbLe Ba Gua et les huit trigrammes\u00a0\u00bb font_container=\u00a0\u00bbtag:h4|text_align:center|color:%231c97cc\u00a0\u00bb use_theme_fonts=\u00a0\u00bbyes\u00a0\u00bb css=\u00a0\u00bb\u00a0\u00bb][vc_column_text css=\u00a0\u00bb\u00a0\u00bb]Le Ba Gua, associ\u00e9 aux directions d\u00e9coule du Yin-Yang et des cinq \u00e9l\u00e9ments.<\/p>\n<p>On distingue alors huit sortes diff\u00e9rentes de QI, variations du Yin et du Yang. Elles informent sur le trigramme, l&rsquo;\u00e9l\u00e9ment, la couleur, le Ming Gua, la direction, l&rsquo;heure de la journ\u00e9e, la saison, le membre de la famille.<\/p>\n<p>Il y a huit trigrammes, chacun compos\u00e9 de trois traits ou Gua superpos\u00e9s soit Yin et\/ou Yang, formant au total 64 combinaisons ou hexagrammes, inscrits dans le Yi jKng ou \u00ab\u00a0livre des mutations\u00a0\u00bb.<\/p>\n<p>Chaque trigramme est associ\u00e9 \u00e0 un chiffre, une direction, un \u00e9l\u00e9ment, un membre de la famille, une partie du corps, un caract\u00e8re, une couleur.<\/p>\n<p>Aussi, chaque personne a son Ming Gua, chiffre qui la caract\u00e9rise et la situe dans son environnement.[\/vc_column_text][vc_custom_heading text=\u00a0\u00bbCalcul du Ming Gua\u00a0\u00bb font_container=\u00a0\u00bbtag:h4|text_align:left|color:%231c97cc\u00a0\u00bb use_theme_fonts=\u00a0\u00bbyes\u00a0\u00bb css=\u00a0\u00bb\u00a0\u00bb][vc_column_text css=\u00a0\u00bb\u00a0\u00bb]Si en occident, notre calendrier d\u00e9bute le 1er janvier de chaque ann\u00e9e, en Chine, on consid\u00e8re que l&rsquo;ann\u00e9e solaire d\u00e9bute le 4 f\u00e9vrier. Les personnes n\u00e9es avant cette date doivent consid\u00e9rer l&rsquo;ann\u00e9e pr\u00e9c\u00e9dente dans leurs calculs.<\/p>\n<p>Les Guas sont regroup\u00e9s en deux groupes : le groupe Ouest et le groupe Est pour lesquels certaines directions leurs sont favorables.<\/p>\n<ul>\n<li>Pour, le groupe EST : Est, Sud-est, Sud et Nord<\/li>\n<li>Pour, le groupe OUEST : Nord-est, Sud-ouest, Ouest, Nord-ouest<\/li>\n<\/ul>\n<p>Selon, si la personne est une femme ou un homme, le calcul est diff\u00e9rent.[\/vc_column_text][vc_single_image image=\u00a0\u00bb522&Prime; img_size=\u00a0\u00bblarge\u00a0\u00bb alignment=\u00a0\u00bbcenter\u00a0\u00bb css=\u00a0\u00bb\u00a0\u00bb][\/vc_column][vc_column width=\u00a0\u00bb1\/4&Prime;][vc_single_image image=\u00a0\u00bb363&Prime; img_size=\u00a0\u00bbfull\u00a0\u00bb style=\u00a0\u00bbvc_box_rounded\u00a0\u00bb css=\u00a0\u00bb\u00a0\u00bb][\/vc_column][\/vc_row]\n<\/div>","protected":false},"excerpt":{"rendered":"<p>[vc_row full_width=\u00a0\u00bbstretch_row_content\u00a0\u00bb gap=\u00a0\u00bb10&Prime; content_placement=\u00a0\u00bbmiddle\u00a0\u00bb][vc_column width=\u00a0\u00bb1\/4&Prime;][vc_single_image image=\u00a0\u00bb525&Prime; img_size=\u00a0\u00bbfull\u00a0\u00bb style=\u00a0\u00bbvc_box_rounded\u00a0\u00bb css=\u00a0\u00bb\u00a0\u00bb][\/vc_column][vc_column width=\u00a0\u00bb1\/2&Prime;][vc_custom_heading text=\u00a0\u00bbLe Ba Gua et les huit trigrammes\u00a0\u00bb font_container=\u00a0\u00bbtag:h4|text_align:center|color:%231c97cc\u00a0\u00bb use_theme_fonts=\u00a0\u00bbyes\u00a0\u00bb css=\u00a0\u00bb\u00a0\u00bb][vc_column_text css=\u00a0\u00bb\u00a0\u00bb]Le Ba Gua, associ\u00e9 aux directions d\u00e9coule du Yin-Yang et des cinq \u00e9l\u00e9ments. On distingue alors huit sortes diff\u00e9rentes de &hellip; <a href=\"https:\/\/taoyingyang.fr\/index.php\/le-ba-gua-les-8-trigrammes\/\">Lire la suite\u00ad\u00ad<\/a><\/p>\n","protected":false},"author":1,"featured_media":0,"parent":0,"menu_order":0,"comment_status":"closed","ping_status":"closed","template":"","meta":{"kt_blocks_editor_width":"","footnotes":""},"class_list":["post-516","page","type-page","status-publish","hentry"],"yoast_head":"<!-- This site is optimized with the Yoast SEO plugin v27.4 - https:\/\/yoast.com\/product\/yoast-seo-wordpress\/ -->\n<title>le Ba Gua - TAOYINYANG<\/title>\n<meta name=\"robots\" content=\"index, follow, max-snippet:-1, max-image-preview:large, max-video-preview:-1\" \/>\n<link rel=\"canonical\" href=\"https:\/\/taoyingyang.fr\/index.php\/le-ba-gua-les-8-trigrammes\/\" \/>\n<meta property=\"og:locale\" content=\"fr_FR\" \/>\n<meta property=\"og:type\" content=\"article\" \/>\n<meta property=\"og:title\" content=\"le Ba Gua - TAOYINYANG\" \/>\n<meta property=\"og:description\" content=\"[vc_row full_width=\u00a0\u00bbstretch_row_content\u00a0\u00bb gap=\u00a0\u00bb10&Prime; content_placement=\u00a0\u00bbmiddle\u00a0\u00bb][vc_column width=\u00a0\u00bb1\/4&Prime;][vc_single_image image=\u00a0\u00bb525&Prime; img_size=\u00a0\u00bbfull\u00a0\u00bb style=\u00a0\u00bbvc_box_rounded\u00a0\u00bb css=\u00a0\u00bb\u00a0\u00bb][\/vc_column][vc_column width=\u00a0\u00bb1\/2&Prime;][vc_custom_heading text=\u00a0\u00bbLe Ba Gua et les huit trigrammes\u00a0\u00bb font_container=\u00a0\u00bbtag:h4|text_align:center|color:%231c97cc\u00a0\u00bb use_theme_fonts=\u00a0\u00bbyes\u00a0\u00bb css=\u00a0\u00bb\u00a0\u00bb][vc_column_text css=\u00a0\u00bb\u00a0\u00bb]Le Ba Gua, associ\u00e9 aux directions d\u00e9coule du Yin-Yang et des cinq \u00e9l\u00e9ments. On distingue alors huit sortes diff\u00e9rentes de &hellip; Lire la suite\u00ad\u00ad\" \/>\n<meta property=\"og:url\" content=\"https:\/\/taoyingyang.fr\/index.php\/le-ba-gua-les-8-trigrammes\/\" \/>\n<meta property=\"og:site_name\" content=\"TAOYINYANG\" \/>\n<meta property=\"article:publisher\" content=\"https:\/\/www.facebook.com\/embzh\" \/>\n<meta property=\"article:modified_time\" content=\"2024-08-08T13:08:51+00:00\" \/>\n<meta name=\"twitter:card\" content=\"summary_large_image\" \/>\n<meta name=\"twitter:label1\" content=\"Dur\u00e9e de lecture estim\u00e9e\" \/>\n\t<meta name=\"twitter:data1\" content=\"2 minutes\" \/>\n<script type=\"application\/ld+json\" class=\"yoast-schema-graph\">{\"@context\":\"https:\\\/\\\/schema.org\",\"@graph\":[{\"@type\":\"WebPage\",\"@id\":\"https:\\\/\\\/taoyingyang.fr\\\/index.php\\\/le-ba-gua-les-8-trigrammes\\\/\",\"url\":\"https:\\\/\\\/taoyingyang.fr\\\/index.php\\\/le-ba-gua-les-8-trigrammes\\\/\",\"name\":\"le Ba Gua - TAOYINYANG\",\"isPartOf\":{\"@id\":\"https:\\\/\\\/taoyingyang.fr\\\/#website\"},\"datePublished\":\"2024-08-08T11:39:14+00:00\",\"dateModified\":\"2024-08-08T13:08:51+00:00\",\"breadcrumb\":{\"@id\":\"https:\\\/\\\/taoyingyang.fr\\\/index.php\\\/le-ba-gua-les-8-trigrammes\\\/#breadcrumb\"},\"inLanguage\":\"fr-FR\",\"potentialAction\":[{\"@type\":\"ReadAction\",\"target\":[\"https:\\\/\\\/taoyingyang.fr\\\/index.php\\\/le-ba-gua-les-8-trigrammes\\\/\"]}]},{\"@type\":\"BreadcrumbList\",\"@id\":\"https:\\\/\\\/taoyingyang.fr\\\/index.php\\\/le-ba-gua-les-8-trigrammes\\\/#breadcrumb\",\"itemListElement\":[{\"@type\":\"ListItem\",\"position\":1,\"name\":\"Accueil\",\"item\":\"https:\\\/\\\/taoyingyang.fr\\\/\"},{\"@type\":\"ListItem\",\"position\":2,\"name\":\"le Ba Gua\"}]},{\"@type\":\"WebSite\",\"@id\":\"https:\\\/\\\/taoyingyang.fr\\\/#website\",\"url\":\"https:\\\/\\\/taoyingyang.fr\\\/\",\"name\":\"taoyingyang.fr\",\"description\":\"Un art de vivre, le Feng Shui\",\"publisher\":{\"@id\":\"https:\\\/\\\/taoyingyang.fr\\\/#\\\/schema\\\/person\\\/ab079bb0ea4b540fc81ba1c6d5725c14\"},\"potentialAction\":[{\"@type\":\"SearchAction\",\"target\":{\"@type\":\"EntryPoint\",\"urlTemplate\":\"https:\\\/\\\/taoyingyang.fr\\\/?s={search_term_string}\"},\"query-input\":{\"@type\":\"PropertyValueSpecification\",\"valueRequired\":true,\"valueName\":\"search_term_string\"}}],\"inLanguage\":\"fr-FR\"},{\"@type\":[\"Person\",\"Organization\"],\"@id\":\"https:\\\/\\\/taoyingyang.fr\\\/#\\\/schema\\\/person\\\/ab079bb0ea4b540fc81ba1c6d5725c14\",\"name\":\"taoyingyang.fr\",\"image\":{\"@type\":\"ImageObject\",\"inLanguage\":\"fr-FR\",\"@id\":\"https:\\\/\\\/taoyingyang.fr\\\/wp-content\\\/uploads\\\/2024\\\/03\\\/logo-feng-shui-fond-blanc-1.jpg\",\"url\":\"https:\\\/\\\/taoyingyang.fr\\\/wp-content\\\/uploads\\\/2024\\\/03\\\/logo-feng-shui-fond-blanc-1.jpg\",\"contentUrl\":\"https:\\\/\\\/taoyingyang.fr\\\/wp-content\\\/uploads\\\/2024\\\/03\\\/logo-feng-shui-fond-blanc-1.jpg\",\"width\":997,\"height\":1348,\"caption\":\"taoyingyang.fr\"},\"logo\":{\"@id\":\"https:\\\/\\\/taoyingyang.fr\\\/wp-content\\\/uploads\\\/2024\\\/03\\\/logo-feng-shui-fond-blanc-1.jpg\"},\"description\":\"N\u00e9e sur les bords de la Cot\u00e9 d'Emeraude, bretonne dans l'\u00e2me, comptable de formation et form\u00e9e en tant que peintre en d\u00e9cors, j'ai souhait\u00e9e explorer des domaines plus spirituellement pour mon d\u00e9veloppement personnel ; ainsi, je suis devenue progressivement num\u00e9rologue, lithoth\u00e9rapeute, de tous ces savoir-faire, j'ai cr\u00e9\u00e9 l'ArtNum\u00e9roTh\u00e9rapie qui associe la peinture et la num\u00e9rologie ; je r\u00e9alise \u00e9galement des peintures tr\u00e8s personnalis\u00e9es pour vous. Je me suis \u00e9galement int\u00e9ress\u00e9e au Feng Shui traditionnel, discipline chinoise permettant une qualit\u00e9 de vie certaine. Je vous propose des ateliers, des consultations et des formations en num\u00e9rologie, lithoth\u00e9rapie, Artnum\u00e9roth\u00e9rapie et en Feng Shui Traditionnel. Tous ces outils d'\u00e9volution personnelle s'adressent aux particuliers comme aux entreprises.\",\"sameAs\":[\"http:\\\/\\\/taoyingyang.fr\",\"https:\\\/\\\/www.facebook.com\\\/embzh\",\"https:\\\/\\\/www.instagram.com\\\/edith.mary.50\\\/\"]}]}<\/script>\n<!-- \/ Yoast SEO plugin. -->","yoast_head_json":{"title":"le Ba Gua - TAOYINYANG","robots":{"index":"index","follow":"follow","max-snippet":"max-snippet:-1","max-image-preview":"max-image-preview:large","max-video-preview":"max-video-preview:-1"},"canonical":"https:\/\/taoyingyang.fr\/index.php\/le-ba-gua-les-8-trigrammes\/","og_locale":"fr_FR","og_type":"article","og_title":"le Ba Gua - TAOYINYANG","og_description":"[vc_row full_width=\u00a0\u00bbstretch_row_content\u00a0\u00bb gap=\u00a0\u00bb10&Prime; content_placement=\u00a0\u00bbmiddle\u00a0\u00bb][vc_column width=\u00a0\u00bb1\/4&Prime;][vc_single_image image=\u00a0\u00bb525&Prime; img_size=\u00a0\u00bbfull\u00a0\u00bb style=\u00a0\u00bbvc_box_rounded\u00a0\u00bb css=\u00a0\u00bb\u00a0\u00bb][\/vc_column][vc_column width=\u00a0\u00bb1\/2&Prime;][vc_custom_heading text=\u00a0\u00bbLe Ba Gua et les huit trigrammes\u00a0\u00bb font_container=\u00a0\u00bbtag:h4|text_align:center|color:%231c97cc\u00a0\u00bb use_theme_fonts=\u00a0\u00bbyes\u00a0\u00bb css=\u00a0\u00bb\u00a0\u00bb][vc_column_text css=\u00a0\u00bb\u00a0\u00bb]Le Ba Gua, associ\u00e9 aux directions d\u00e9coule du Yin-Yang et des cinq \u00e9l\u00e9ments. On distingue alors huit sortes diff\u00e9rentes de &hellip; Lire la suite\u00ad\u00ad","og_url":"https:\/\/taoyingyang.fr\/index.php\/le-ba-gua-les-8-trigrammes\/","og_site_name":"TAOYINYANG","article_publisher":"https:\/\/www.facebook.com\/embzh","article_modified_time":"2024-08-08T13:08:51+00:00","twitter_card":"summary_large_image","twitter_misc":{"Dur\u00e9e de lecture estim\u00e9e":"2 minutes"},"schema":{"@context":"https:\/\/schema.org","@graph":[{"@type":"WebPage","@id":"https:\/\/taoyingyang.fr\/index.php\/le-ba-gua-les-8-trigrammes\/","url":"https:\/\/taoyingyang.fr\/index.php\/le-ba-gua-les-8-trigrammes\/","name":"le Ba Gua - TAOYINYANG","isPartOf":{"@id":"https:\/\/taoyingyang.fr\/#website"},"datePublished":"2024-08-08T11:39:14+00:00","dateModified":"2024-08-08T13:08:51+00:00","breadcrumb":{"@id":"https:\/\/taoyingyang.fr\/index.php\/le-ba-gua-les-8-trigrammes\/#breadcrumb"},"inLanguage":"fr-FR","potentialAction":[{"@type":"ReadAction","target":["https:\/\/taoyingyang.fr\/index.php\/le-ba-gua-les-8-trigrammes\/"]}]},{"@type":"BreadcrumbList","@id":"https:\/\/taoyingyang.fr\/index.php\/le-ba-gua-les-8-trigrammes\/#breadcrumb","itemListElement":[{"@type":"ListItem","position":1,"name":"Accueil","item":"https:\/\/taoyingyang.fr\/"},{"@type":"ListItem","position":2,"name":"le Ba Gua"}]},{"@type":"WebSite","@id":"https:\/\/taoyingyang.fr\/#website","url":"https:\/\/taoyingyang.fr\/","name":"taoyingyang.fr","description":"Un art de vivre, le Feng Shui","publisher":{"@id":"https:\/\/taoyingyang.fr\/#\/schema\/person\/ab079bb0ea4b540fc81ba1c6d5725c14"},"potentialAction":[{"@type":"SearchAction","target":{"@type":"EntryPoint","urlTemplate":"https:\/\/taoyingyang.fr\/?s={search_term_string}"},"query-input":{"@type":"PropertyValueSpecification","valueRequired":true,"valueName":"search_term_string"}}],"inLanguage":"fr-FR"},{"@type":["Person","Organization"],"@id":"https:\/\/taoyingyang.fr\/#\/schema\/person\/ab079bb0ea4b540fc81ba1c6d5725c14","name":"taoyingyang.fr","image":{"@type":"ImageObject","inLanguage":"fr-FR","@id":"https:\/\/taoyingyang.fr\/wp-content\/uploads\/2024\/03\/logo-feng-shui-fond-blanc-1.jpg","url":"https:\/\/taoyingyang.fr\/wp-content\/uploads\/2024\/03\/logo-feng-shui-fond-blanc-1.jpg","contentUrl":"https:\/\/taoyingyang.fr\/wp-content\/uploads\/2024\/03\/logo-feng-shui-fond-blanc-1.jpg","width":997,"height":1348,"caption":"taoyingyang.fr"},"logo":{"@id":"https:\/\/taoyingyang.fr\/wp-content\/uploads\/2024\/03\/logo-feng-shui-fond-blanc-1.jpg"},"description":"N\u00e9e sur les bords de la Cot\u00e9 d'Emeraude, bretonne dans l'\u00e2me, comptable de formation et form\u00e9e en tant que peintre en d\u00e9cors, j'ai souhait\u00e9e explorer des domaines plus spirituellement pour mon d\u00e9veloppement personnel ; ainsi, je suis devenue progressivement num\u00e9rologue, lithoth\u00e9rapeute, de tous ces savoir-faire, j'ai cr\u00e9\u00e9 l'ArtNum\u00e9roTh\u00e9rapie qui associe la peinture et la num\u00e9rologie ; je r\u00e9alise \u00e9galement des peintures tr\u00e8s personnalis\u00e9es pour vous. Je me suis \u00e9galement int\u00e9ress\u00e9e au Feng Shui traditionnel, discipline chinoise permettant une qualit\u00e9 de vie certaine. Je vous propose des ateliers, des consultations et des formations en num\u00e9rologie, lithoth\u00e9rapie, Artnum\u00e9roth\u00e9rapie et en Feng Shui Traditionnel. Tous ces outils d'\u00e9volution personnelle s'adressent aux particuliers comme aux entreprises.","sameAs":["http:\/\/taoyingyang.fr","https:\/\/www.facebook.com\/embzh","https:\/\/www.instagram.com\/edith.mary.50\/"]}]}},"jetpack_sharing_enabled":true,"_links":{"self":[{"href":"https:\/\/taoyingyang.fr\/index.php\/wp-json\/wp\/v2\/pages\/516","targetHints":{"allow":["GET"]}}],"collection":[{"href":"https:\/\/taoyingyang.fr\/index.php\/wp-json\/wp\/v2\/pages"}],"about":[{"href":"https:\/\/taoyingyang.fr\/index.php\/wp-json\/wp\/v2\/types\/page"}],"author":[{"embeddable":true,"href":"https:\/\/taoyingyang.fr\/index.php\/wp-json\/wp\/v2\/users\/1"}],"replies":[{"embeddable":true,"href":"https:\/\/taoyingyang.fr\/index.php\/wp-json\/wp\/v2\/comments?post=516"}],"version-history":[{"count":12,"href":"https:\/\/taoyingyang.fr\/index.php\/wp-json\/wp\/v2\/pages\/516\/revisions"}],"predecessor-version":[{"id":532,"href":"https:\/\/taoyingyang.fr\/index.php\/wp-json\/wp\/v2\/pages\/516\/revisions\/532"}],"wp:attachment":[{"href":"https:\/\/taoyingyang.fr\/index.php\/wp-json\/wp\/v2\/media?parent=516"}],"curies":[{"name":"wp","href":"https:\/\/api.w.org\/{rel}","templated":true}]}}